{"id":978,"date":"2023-02-13T18:36:40","date_gmt":"2023-02-13T17:36:40","guid":{"rendered":"https:\/\/svpplus.sk\/?page_id=978"},"modified":"2025-07-29T17:39:58","modified_gmt":"2025-07-29T15:39:58","slug":"sluzby","status":"publish","type":"page","link":"https:\/\/svpplus.sk\/index.php\/sluzby\/","title":{"rendered":"Slu\u017eby"},"content":{"rendered":"\n<div id=\"wp-block-themeisle-blocks-advanced-columns-3475dcf5\" class=\"wp-block-themeisle-blocks-advanced-columns alignfull has-2-columns has-desktop-equal-layout has-tablet-equal-layout has-mobile-collapsedRows-layout has-vertical-center ticss-a2946a77 animated zoomIn\"><div class=\"wp-block-themeisle-blocks-advanced-columns-overlay\"><\/div><div class=\"innerblocks-wrap\">\n<div id=\"wp-block-themeisle-blocks-advanced-column-e0d992dd\" class=\"wp-block-themeisle-blocks-advanced-column\"><div class=\"wp-block-image animated zoomIn\">\n<figure class=\"aligncenter size-large\" id=\"wp-block-themeisle-blocks-image-99562f91\"><img decoding=\"async\" loading=\"lazy\" width=\"639\" height=\"1024\" src=\"https:\/\/svpplus.sk\/wp-content\/uploads\/2025\/07\/20241029_130320-639x1024.jpg\" alt=\"\" class=\"wp-image-1944\" srcset=\"https:\/\/svpplus.sk\/wp-content\/uploads\/2025\/07\/20241029_130320-639x1024.jpg 639w, https:\/\/svpplus.sk\/wp-content\/uploads\/2025\/07\/20241029_130320-187x300.jpg 187w, https:\/\/svpplus.sk\/wp-content\/uploads\/2025\/07\/20241029_130320-768x1230.jpg 768w, https:\/\/svpplus.sk\/wp-content\/uploads\/2025\/07\/20241029_130320-959x1536.jpg 959w, https:\/\/svpplus.sk\/wp-content\/uploads\/2025\/07\/20241029_130320-1279x2048.jpg 1279w, https:\/\/svpplus.sk\/wp-content\/uploads\/2025\/07\/20241029_130320.jpg 1434w\" sizes=\"(max-width: 639px) 100vw, 639px\" \/><\/figure><\/div><\/div>\n\n\n\n<div id=\"wp-block-themeisle-blocks-advanced-column-bb0a7db4\" class=\"wp-block-themeisle-blocks-advanced-column\">\n<div style=\"height:30px\" aria-hidden=\"true\" class=\"wp-block-spacer\"><\/div>\n\n\n\n<h2 id=\"wp-block-themeisle-blocks-advanced-heading-e31a147a\" class=\"wp-block-themeisle-blocks-advanced-heading wp-block-themeisle-blocks-advanced-heading-e31a147a animated zoomIn\">Stavebn\u00e9 a mont\u00e1\u017ene pr\u00e1ce<\/h2>\n\n\n\n<p class=\"animated zoomIn has-nv-site-bg-color has-text-color has-medium-font-size\">oprava a n\u00e1ter fas\u00e1d, omietok, kom\u00ednov, \u0161t\u00edtov\u00fdch stien a svetl\u00edkov<\/p>\n\n\n\n<p class=\"animated zoomIn has-nv-site-bg-color has-text-color has-medium-font-size\">n\u00e1ter striech, kovov\u00fdch, dreven\u00fdch a bet\u00f3nov\u00fdch kon\u0161trukci\u00ed<\/p>\n\n\n\n<p class=\"animated zoomIn has-nv-site-bg-color has-text-color has-medium-font-size\">mont\u00e1\u017e hrotov proti sadaniu vt\u00e1ctva, odkvapov\u00fdch syst\u00e9mov, zachyt\u00e1va\u010dov snehu a in\u00fdch hotov\u00fdch komponentov<\/p>\n\n\n\n<p class=\"animated zoomIn has-nv-site-bg-color has-text-color has-medium-font-size\">demont\u00e1\u017e ne\u017eiad\u00facich prvkov<\/p>\n\n\n\n<p class=\"animated zoomIn has-nv-site-bg-color has-text-color has-medium-font-size\">rev\u00edzia, zis\u0165ovanie skutkov\u00e9ho stavu a dokument\u00e1cia nepr\u00edstupn\u00fdch alebo \u0165a\u017eko pr\u00edstupn\u00fdch miest<\/p>\n\n\n\n<p class=\"animated zoomIn has-nv-site-bg-color has-text-color has-medium-font-size\">manipula\u010dn\u00e9 pr\u00e1ce na \u0165a\u017eko pr\u00edstupn\u00fdch miestach<\/p>\n\n\n\n<div class=\"is-layout-flex wp-block-buttons\"><\/div>\n<\/div>\n<\/div><\/div>\n\n\n\n<div id=\"wp-block-themeisle-blocks-advanced-columns-a2946a77\" class=\"wp-block-themeisle-blocks-advanced-columns alignfull has-2-columns has-desktop-equal-layout has-tablet-equal-layout has-mobile-collapsedRows-layout has-vertical-center ticss-a2946a77 animated zoomIn\"><div class=\"wp-block-themeisle-blocks-advanced-columns-overlay\"><\/div><div class=\"innerblocks-wrap\">\n<div id=\"wp-block-themeisle-blocks-advanced-column-bbddf55b\" class=\"wp-block-themeisle-blocks-advanced-column\"><div class=\"wp-block-image animated zoomIn\">\n<figure class=\"aligncenter size-large\" id=\"wp-block-themeisle-blocks-image-49b4cec7\"><img decoding=\"async\" loading=\"lazy\" width=\"643\" height=\"1024\" src=\"https:\/\/svpplus.sk\/wp-content\/uploads\/2025\/07\/umyvacky-643x1024.jpg\" alt=\"\" class=\"wp-image-1936\" srcset=\"https:\/\/svpplus.sk\/wp-content\/uploads\/2025\/07\/umyvacky-643x1024.jpg 643w, https:\/\/svpplus.sk\/wp-content\/uploads\/2025\/07\/umyvacky-188x300.jpg 188w, https:\/\/svpplus.sk\/wp-content\/uploads\/2025\/07\/umyvacky-768x1223.jpg 768w, https:\/\/svpplus.sk\/wp-content\/uploads\/2025\/07\/umyvacky.jpg 889w\" sizes=\"(max-width: 643px) 100vw, 643px\" \/><\/figure><\/div><\/div>\n\n\n\n<div id=\"wp-block-themeisle-blocks-advanced-column-92b2db05\" class=\"wp-block-themeisle-blocks-advanced-column\">\n<div style=\"height:30px\" aria-hidden=\"true\" class=\"wp-block-spacer\"><\/div>\n\n\n\n<h2 id=\"wp-block-themeisle-blocks-advanced-heading-8f1f2647\" class=\"wp-block-themeisle-blocks-advanced-heading wp-block-themeisle-blocks-advanced-heading-8f1f2647 animated zoomIn\">\u010cistiace pr\u00e1ce<\/h2>\n\n\n\n<p class=\"animated zoomIn has-nv-site-bg-color has-text-color has-medium-font-size\">ru\u010dn\u00e9 um\u00fdvanie okien a sklenen\u00fdch pl\u00e1\u0161\u0165ov budov<\/p>\n\n\n\n<p class=\"animated zoomIn has-nv-site-bg-color has-text-color has-medium-font-size\">vysokotlakov\u00e9 \u010distenie fas\u00e1d a striech<\/p>\n\n\n\n<p class=\"animated zoomIn has-nv-site-bg-color has-text-color has-medium-font-size\">\u010distenie odkvapov\u00fdch \u017e\u013eabov<\/p>\n\n\n\n<p class=\"animated zoomIn has-nv-site-bg-color has-text-color has-medium-font-size\">priemyseln\u00e9 vys\u00e1vanie<\/p>\n\n\n\n<p class=\"animated zoomIn has-nv-site-bg-color has-text-color has-medium-font-size\">ru\u010dn\u00e9 \u010distenie kon\u0161trukci\u00ed<\/p>\n\n\n\n<div class=\"is-layout-flex wp-block-buttons\"><\/div>\n<\/div>\n<\/div><\/div>\n\n\n\n<div class=\"wp-block-cover\" style=\"min-height:58px\"><span aria-hidden=\"true\" class=\"wp-block-cover__background has-nv-site-bg-background-color has-background-dim-90 has-background-dim\"><\/span><div class=\"wp-block-cover__inner-container\">\n<div style=\"height:25px\" aria-hidden=\"true\" class=\"wp-block-spacer\"><\/div>\n\n\n\n<p class=\"has-text-align-center animated zoomIn has-neve-text-color-color has-text-color has-medium-font-size\">stavebn\u00e9, mont\u00e1\u017ene a \u010distiace pr\u00e1ce vo v\u00fd\u0161kach a nad vo\u013enou h\u013abkou s pou\u017eit\u00edm horolezeckej techniky<\/p>\n<\/div><\/div>\n\n\n\n<div class=\"wp-block-cover\" style=\"min-height:246px\"><span aria-hidden=\"true\" class=\"wp-block-cover__background has-nv-dark-bg-background-color has-background-dim-100 has-background-dim\"><\/span><div class=\"wp-block-cover__inner-container\">\n<div style=\"height:30px\" aria-hidden=\"true\" class=\"wp-block-spacer\"><\/div>\n\n\n\n<div class=\"is-layout-flex wp-container-8 wp-block-columns\">\n<div class=\"is-layout-flow wp-block-column\">\n<figure class=\"wp-block-image size-full animated zoomIn\" id=\"wp-block-themeisle-blocks-image-d090c6c4\"><img decoding=\"async\" loading=\"lazy\" width=\"900\" height=\"400\" src=\"http:\/\/svpplus.sk\/wp-content\/uploads\/2023\/02\/slide1.jpg\" alt=\"\" class=\"wp-image-1264\" srcset=\"https:\/\/svpplus.sk\/wp-content\/uploads\/2023\/02\/slide1.jpg 900w, https:\/\/svpplus.sk\/wp-content\/uploads\/2023\/02\/slide1-300x133.jpg 300w, https:\/\/svpplus.sk\/wp-content\/uploads\/2023\/02\/slide1-768x341.jpg 768w\" sizes=\"(max-width: 900px) 100vw, 900px\" \/><\/figure>\n<\/div>\n\n\n\n<div class=\"is-layout-flow wp-block-column\">\n<figure class=\"wp-block-image size-full animated zoomIn\" id=\"wp-block-themeisle-blocks-image-9fea7795\"><img decoding=\"async\" loading=\"lazy\" width=\"900\" height=\"400\" src=\"http:\/\/svpplus.sk\/wp-content\/uploads\/2023\/02\/slide8.jpg\" alt=\"\" class=\"wp-image-1265\" srcset=\"https:\/\/svpplus.sk\/wp-content\/uploads\/2023\/02\/slide8.jpg 900w, https:\/\/svpplus.sk\/wp-content\/uploads\/2023\/02\/slide8-300x133.jpg 300w, https:\/\/svpplus.sk\/wp-content\/uploads\/2023\/02\/slide8-768x341.jpg 768w\" sizes=\"(max-width: 900px) 100vw, 900px\" \/><\/figure>\n<\/div>\n\n\n\n<div class=\"is-layout-flow wp-block-column\">\n<figure class=\"wp-block-image size-full animated zoomIn\" id=\"wp-block-themeisle-blocks-image-4545237a\"><img decoding=\"async\" loading=\"lazy\" width=\"900\" height=\"400\" src=\"http:\/\/svpplus.sk\/wp-content\/uploads\/2023\/02\/slide6.jpg\" alt=\"\" class=\"wp-image-1266\" srcset=\"https:\/\/svpplus.sk\/wp-content\/uploads\/2023\/02\/slide6.jpg 900w, https:\/\/svpplus.sk\/wp-content\/uploads\/2023\/02\/slide6-300x133.jpg 300w, https:\/\/svpplus.sk\/wp-content\/uploads\/2023\/02\/slide6-768x341.jpg 768w\" sizes=\"(max-width: 900px) 100vw, 900px\" \/><\/figure>\n<\/div>\n\n\n\n<div class=\"is-layout-flow wp-block-column\">\n<figure class=\"wp-block-image size-large animated zoomIn\" id=\"wp-block-themeisle-blocks-image-a3268a5b\"><img decoding=\"async\" loading=\"lazy\" width=\"1024\" height=\"455\" src=\"https:\/\/svpplus.sk\/wp-content\/uploads\/2025\/07\/20250407_141847-1024x455.jpg\" alt=\"\" class=\"wp-image-1941\" srcset=\"https:\/\/svpplus.sk\/wp-content\/uploads\/2025\/07\/20250407_141847-1024x455.jpg 1024w, https:\/\/svpplus.sk\/wp-content\/uploads\/2025\/07\/20250407_141847-300x133.jpg 300w, https:\/\/svpplus.sk\/wp-content\/uploads\/2025\/07\/20250407_141847-768x341.jpg 768w, https:\/\/svpplus.sk\/wp-content\/uploads\/2025\/07\/20250407_141847-1536x682.jpg 1536w, https:\/\/svpplus.sk\/wp-content\/uploads\/2025\/07\/20250407_141847-2048x910.jpg 2048w\" sizes=\"(max-width: 1024px) 100vw, 1024px\" \/><\/figure>\n<\/div>\n\n\n\n<div class=\"is-layout-flow wp-block-column\">\n<figure class=\"wp-block-image size-full animated zoomIn\" id=\"wp-block-themeisle-blocks-image-c560f627\"><img decoding=\"async\" loading=\"lazy\" width=\"900\" height=\"400\" src=\"http:\/\/svpplus.sk\/wp-content\/uploads\/2023\/02\/slide10.jpg\" alt=\"\" class=\"wp-image-1268\" srcset=\"https:\/\/svpplus.sk\/wp-content\/uploads\/2023\/02\/slide10.jpg 900w, https:\/\/svpplus.sk\/wp-content\/uploads\/2023\/02\/slide10-300x133.jpg 300w, https:\/\/svpplus.sk\/wp-content\/uploads\/2023\/02\/slide10-768x341.jpg 768w\" sizes=\"(max-width: 900px) 100vw, 900px\" \/><\/figure>\n<\/div>\n<\/div>\n<\/div><\/div>\n","protected":false},"excerpt":{"rendered":"","protected":false},"author":1,"featured_media":0,"parent":0,"menu_order":0,"comment_status":"closed","ping_status":"closed","template":"","meta":{"_mi_skip_tracking":false,"neve_meta_sidebar":"full-width","neve_meta_container":"full-width","neve_meta_enable_content_width":"on","neve_meta_content_width":100,"neve_meta_title_alignment":"","neve_meta_author_avatar":"","neve_post_elements_order":"","neve_meta_disable_header":"","neve_meta_disable_footer":"","neve_meta_disable_title":"on","_themeisle_gutenberg_block_has_review":false,"_ti_tpc_template_sync":false,"_ti_tpc_template_id":""},"yoast_head":"<!-- This site is optimized with the Yoast SEO plugin v20.0 - https:\/\/yoast.com\/wordpress\/plugins\/seo\/ -->\n<title>Slu\u017eby - svpplus.sk<\/title>\n<meta name=\"description\" content=\"V\u00fd\u0161kov\u00e9 pr\u00e1ce Bratislava. Oprava a n\u00e1ter fas\u00e1d, striech a kon\u0161trukci\u00ed. Rekon\u0161trukcie interi\u00e9rov. Maliarske pr\u00e1ce. Vysokotlakov\u00e9 \u010distenie\" \/>\n<meta name=\"robots\" content=\"index, follow, max-snippet:-1, max-image-preview:large, max-video-preview:-1\" \/>\n<link rel=\"canonical\" href=\"https:\/\/svpplus.sk\/index.php\/sluzby\/\" \/>\n<meta property=\"og:locale\" content=\"sk_SK\" \/>\n<meta property=\"og:type\" content=\"article\" \/>\n<meta property=\"og:title\" content=\"Slu\u017eby - svpplus.sk\" \/>\n<meta property=\"og:description\" content=\"V\u00fd\u0161kov\u00e9 pr\u00e1ce Bratislava. Oprava a n\u00e1ter fas\u00e1d, striech a kon\u0161trukci\u00ed. Rekon\u0161trukcie interi\u00e9rov. Maliarske pr\u00e1ce. Vysokotlakov\u00e9 \u010distenie\" \/>\n<meta property=\"og:url\" content=\"https:\/\/svpplus.sk\/index.php\/sluzby\/\" \/>\n<meta property=\"og:site_name\" content=\"svpplus.sk\" \/>\n<meta property=\"article:modified_time\" content=\"2025-07-29T15:39:58+00:00\" \/>\n<meta property=\"og:image\" content=\"https:\/\/svpplus.sk\/wp-content\/uploads\/2025\/07\/20241029_130320-639x1024.jpg\" \/>\n<meta name=\"twitter:card\" content=\"summary_large_image\" \/>\n<meta name=\"twitter:label1\" content=\"Predpokladan\u00fd \u010das \u010d\u00edtania\" \/>\n\t<meta name=\"twitter:data1\" content=\"2 min\u00faty\" \/>\n<script type=\"application\/ld+json\" class=\"yoast-schema-graph\">{\"@context\":\"https:\/\/schema.org\",\"@graph\":[{\"@type\":\"WebPage\",\"@id\":\"https:\/\/svpplus.sk\/index.php\/sluzby\/\",\"url\":\"https:\/\/svpplus.sk\/index.php\/sluzby\/\",\"name\":\"Slu\u017eby - svpplus.sk\",\"isPartOf\":{\"@id\":\"https:\/\/svpplus.sk\/#website\"},\"datePublished\":\"2023-02-13T17:36:40+00:00\",\"dateModified\":\"2025-07-29T15:39:58+00:00\",\"description\":\"V\u00fd\u0161kov\u00e9 pr\u00e1ce Bratislava. Oprava a n\u00e1ter fas\u00e1d, striech a kon\u0161trukci\u00ed. Rekon\u0161trukcie interi\u00e9rov. Maliarske pr\u00e1ce. Vysokotlakov\u00e9 \u010distenie\",\"breadcrumb\":{\"@id\":\"https:\/\/svpplus.sk\/index.php\/sluzby\/#breadcrumb\"},\"inLanguage\":\"sk-SK\",\"potentialAction\":[{\"@type\":\"ReadAction\",\"target\":[\"https:\/\/svpplus.sk\/index.php\/sluzby\/\"]}]},{\"@type\":\"BreadcrumbList\",\"@id\":\"https:\/\/svpplus.sk\/index.php\/sluzby\/#breadcrumb\",\"itemListElement\":[{\"@type\":\"ListItem\",\"position\":1,\"name\":\"Home\",\"item\":\"https:\/\/svpplus.sk\/\"},{\"@type\":\"ListItem\",\"position\":2,\"name\":\"Slu\u017eby\"}]},{\"@type\":\"WebSite\",\"@id\":\"https:\/\/svpplus.sk\/#website\",\"url\":\"https:\/\/svpplus.sk\/\",\"name\":\"svpplus.sk\",\"description\":\"v\u00fd\u0161kov\u00e9 pr\u00e1ce v Bratislave\",\"publisher\":{\"@id\":\"https:\/\/svpplus.sk\/#organization\"},\"potentialAction\":[{\"@type\":\"SearchAction\",\"target\":{\"@type\":\"EntryPoint\",\"urlTemplate\":\"https:\/\/svpplus.sk\/?s={search_term_string}\"},\"query-input\":\"required name=search_term_string\"}],\"inLanguage\":\"sk-SK\"},{\"@type\":\"Organization\",\"@id\":\"https:\/\/svpplus.sk\/#organization\",\"name\":\"svpplus.sk\",\"url\":\"https:\/\/svpplus.sk\/\",\"logo\":{\"@type\":\"ImageObject\",\"inLanguage\":\"sk-SK\",\"@id\":\"https:\/\/svpplus.sk\/#\/schema\/logo\/image\/\",\"url\":\"https:\/\/svpplus.sk\/wp-content\/uploads\/2022\/06\/cropped-ikonaaa.png\",\"contentUrl\":\"https:\/\/svpplus.sk\/wp-content\/uploads\/2022\/06\/cropped-ikonaaa.png\",\"width\":512,\"height\":512,\"caption\":\"svpplus.sk\"},\"image\":{\"@id\":\"https:\/\/svpplus.sk\/#\/schema\/logo\/image\/\"}}]}<\/script>\n<!-- \/ Yoast SEO plugin. -->","yoast_head_json":{"title":"Slu\u017eby - svpplus.sk","description":"V\u00fd\u0161kov\u00e9 pr\u00e1ce Bratislava. Oprava a n\u00e1ter fas\u00e1d, striech a kon\u0161trukci\u00ed. Rekon\u0161trukcie interi\u00e9rov. Maliarske pr\u00e1ce. Vysokotlakov\u00e9 \u010distenie","robots":{"index":"index","follow":"follow","max-snippet":"max-snippet:-1","max-image-preview":"max-image-preview:large","max-video-preview":"max-video-preview:-1"},"canonical":"https:\/\/svpplus.sk\/index.php\/sluzby\/","og_locale":"sk_SK","og_type":"article","og_title":"Slu\u017eby - svpplus.sk","og_description":"V\u00fd\u0161kov\u00e9 pr\u00e1ce Bratislava. Oprava a n\u00e1ter fas\u00e1d, striech a kon\u0161trukci\u00ed. Rekon\u0161trukcie interi\u00e9rov. Maliarske pr\u00e1ce. Vysokotlakov\u00e9 \u010distenie","og_url":"https:\/\/svpplus.sk\/index.php\/sluzby\/","og_site_name":"svpplus.sk","article_modified_time":"2025-07-29T15:39:58+00:00","og_image":[{"url":"https:\/\/svpplus.sk\/wp-content\/uploads\/2025\/07\/20241029_130320-639x1024.jpg"}],"twitter_card":"summary_large_image","twitter_misc":{"Predpokladan\u00fd \u010das \u010d\u00edtania":"2 min\u00faty"},"schema":{"@context":"https:\/\/schema.org","@graph":[{"@type":"WebPage","@id":"https:\/\/svpplus.sk\/index.php\/sluzby\/","url":"https:\/\/svpplus.sk\/index.php\/sluzby\/","name":"Slu\u017eby - svpplus.sk","isPartOf":{"@id":"https:\/\/svpplus.sk\/#website"},"datePublished":"2023-02-13T17:36:40+00:00","dateModified":"2025-07-29T15:39:58+00:00","description":"V\u00fd\u0161kov\u00e9 pr\u00e1ce Bratislava. Oprava a n\u00e1ter fas\u00e1d, striech a kon\u0161trukci\u00ed. Rekon\u0161trukcie interi\u00e9rov. Maliarske pr\u00e1ce. Vysokotlakov\u00e9 \u010distenie","breadcrumb":{"@id":"https:\/\/svpplus.sk\/index.php\/sluzby\/#breadcrumb"},"inLanguage":"sk-SK","potentialAction":[{"@type":"ReadAction","target":["https:\/\/svpplus.sk\/index.php\/sluzby\/"]}]},{"@type":"BreadcrumbList","@id":"https:\/\/svpplus.sk\/index.php\/sluzby\/#breadcrumb","itemListElement":[{"@type":"ListItem","position":1,"name":"Home","item":"https:\/\/svpplus.sk\/"},{"@type":"ListItem","position":2,"name":"Slu\u017eby"}]},{"@type":"WebSite","@id":"https:\/\/svpplus.sk\/#website","url":"https:\/\/svpplus.sk\/","name":"svpplus.sk","description":"v\u00fd\u0161kov\u00e9 pr\u00e1ce v Bratislave","publisher":{"@id":"https:\/\/svpplus.sk\/#organization"},"potentialAction":[{"@type":"SearchAction","target":{"@type":"EntryPoint","urlTemplate":"https:\/\/svpplus.sk\/?s={search_term_string}"},"query-input":"required name=search_term_string"}],"inLanguage":"sk-SK"},{"@type":"Organization","@id":"https:\/\/svpplus.sk\/#organization","name":"svpplus.sk","url":"https:\/\/svpplus.sk\/","logo":{"@type":"ImageObject","inLanguage":"sk-SK","@id":"https:\/\/svpplus.sk\/#\/schema\/logo\/image\/","url":"https:\/\/svpplus.sk\/wp-content\/uploads\/2022\/06\/cropped-ikonaaa.png","contentUrl":"https:\/\/svpplus.sk\/wp-content\/uploads\/2022\/06\/cropped-ikonaaa.png","width":512,"height":512,"caption":"svpplus.sk"},"image":{"@id":"https:\/\/svpplus.sk\/#\/schema\/logo\/image\/"}}]}},"_links":{"self":[{"href":"https:\/\/svpplus.sk\/index.php\/wp-json\/wp\/v2\/pages\/978"}],"collection":[{"href":"https:\/\/svpplus.sk\/index.php\/wp-json\/wp\/v2\/pages"}],"about":[{"href":"https:\/\/svpplus.sk\/index.php\/wp-json\/wp\/v2\/types\/page"}],"author":[{"embeddable":true,"href":"https:\/\/svpplus.sk\/index.php\/wp-json\/wp\/v2\/users\/1"}],"replies":[{"embeddable":true,"href":"https:\/\/svpplus.sk\/index.php\/wp-json\/wp\/v2\/comments?post=978"}],"version-history":[{"count":5,"href":"https:\/\/svpplus.sk\/index.php\/wp-json\/wp\/v2\/pages\/978\/revisions"}],"predecessor-version":[{"id":1945,"href":"https:\/\/svpplus.sk\/index.php\/wp-json\/wp\/v2\/pages\/978\/revisions\/1945"}],"wp:attachment":[{"href":"https:\/\/svpplus.sk\/index.php\/wp-json\/wp\/v2\/media?parent=978"}],"curies":[{"name":"wp","href":"https:\/\/api.w.org\/{rel}","templated":true}]}}