{"id":836,"date":"2023-02-08T11:02:29","date_gmt":"2023-02-08T10:02:29","guid":{"rendered":"https:\/\/svpplus.sk\/?page_id=836"},"modified":"2025-02-02T16:26:42","modified_gmt":"2025-02-02T15:26:42","slug":"pristupy","status":"publish","type":"page","link":"https:\/\/svpplus.sk\/index.php\/pristupy\/","title":{"rendered":"Pr\u00edstupy"},"content":{"rendered":"\n<div style=\"height:25px\" aria-hidden=\"true\" class=\"wp-block-spacer\"><\/div>\n\n\n\n<h2 class=\"animated zoomIn has-neve-text-color-color has-neve-link-color-background-color has-text-color has-background has-medium-font-size\" style=\"font-style:normal;font-weight:300\">Nami pou\u017e\u00edvan\u00e9 pr\u00edstupy<\/h2>\n\n\n\n<div class=\"wp-block-jetpack-slideshow aligncenter\" data-autoplay=\"true\" data-delay=\"2\" data-effect=\"fade\"><div class=\"wp-block-jetpack-slideshow_container swiper-container\"><ul class=\"wp-block-jetpack-slideshow_swiper-wrapper swiper-wrapper\"><li class=\"wp-block-jetpack-slideshow_slide swiper-slide\"><figure><img decoding=\"async\" loading=\"lazy\" width=\"960\" height=\"540\" alt=\"\" class=\"wp-block-jetpack-slideshow_image wp-image-842\" data-id=\"842\" src=\"http:\/\/svpplus.sk\/wp-content\/uploads\/2023\/02\/lp1.jpg\" srcset=\"https:\/\/svpplus.sk\/wp-content\/uploads\/2023\/02\/lp1.jpg 960w, https:\/\/svpplus.sk\/wp-content\/uploads\/2023\/02\/lp1-300x169.jpg 300w, https:\/\/svpplus.sk\/wp-content\/uploads\/2023\/02\/lp1-768x432.jpg 768w\" sizes=\"(max-width: 960px) 100vw, 960px\" \/><figcaption class=\"wp-block-jetpack-slideshow_caption gallery-caption\">lanov\u00fd pr\u00edstup<\/figcaption><\/figure><\/li><li class=\"wp-block-jetpack-slideshow_slide swiper-slide\"><figure><img decoding=\"async\" loading=\"lazy\" width=\"766\" height=\"1024\" alt=\"\" class=\"wp-block-jetpack-slideshow_image wp-image-837\" data-id=\"837\" src=\"http:\/\/svpplus.sk\/wp-content\/uploads\/2023\/02\/20210805_082148-766x1024.jpg\" srcset=\"https:\/\/svpplus.sk\/wp-content\/uploads\/2023\/02\/20210805_082148-766x1024.jpg 766w, https:\/\/svpplus.sk\/wp-content\/uploads\/2023\/02\/20210805_082148-224x300.jpg 224w, https:\/\/svpplus.sk\/wp-content\/uploads\/2023\/02\/20210805_082148-768x1027.jpg 768w, https:\/\/svpplus.sk\/wp-content\/uploads\/2023\/02\/20210805_082148-1149x1536.jpg 1149w, https:\/\/svpplus.sk\/wp-content\/uploads\/2023\/02\/20210805_082148-1532x2048.jpg 1532w, https:\/\/svpplus.sk\/wp-content\/uploads\/2023\/02\/20210805_082148-scaled.jpg 1915w\" sizes=\"(max-width: 766px) 100vw, 766px\" \/><figcaption class=\"wp-block-jetpack-slideshow_caption gallery-caption\">le\u0161enie v schodisku<\/figcaption><\/figure><\/li><li class=\"wp-block-jetpack-slideshow_slide swiper-slide\"><figure><img decoding=\"async\" loading=\"lazy\" width=\"768\" height=\"1024\" alt=\"\" class=\"wp-block-jetpack-slideshow_image wp-image-839\" data-id=\"839\" src=\"http:\/\/svpplus.sk\/wp-content\/uploads\/2023\/02\/IMG_20201026_123233-768x1024.jpg\" srcset=\"https:\/\/svpplus.sk\/wp-content\/uploads\/2023\/02\/IMG_20201026_123233-768x1024.jpg 768w, https:\/\/svpplus.sk\/wp-content\/uploads\/2023\/02\/IMG_20201026_123233-225x300.jpg 225w, https:\/\/svpplus.sk\/wp-content\/uploads\/2023\/02\/IMG_20201026_123233-1152x1536.jpg 1152w, https:\/\/svpplus.sk\/wp-content\/uploads\/2023\/02\/IMG_20201026_123233-1536x2048.jpg 1536w, https:\/\/svpplus.sk\/wp-content\/uploads\/2023\/02\/IMG_20201026_123233-scaled.jpg 1920w\" sizes=\"(max-width: 768px) 100vw, 768px\" \/><figcaption class=\"wp-block-jetpack-slideshow_caption gallery-caption\">fas\u00e1dne le\u0161enie<\/figcaption><\/figure><\/li><li class=\"wp-block-jetpack-slideshow_slide swiper-slide\"><figure><img decoding=\"async\" loading=\"lazy\" width=\"768\" height=\"1024\" alt=\"\" class=\"wp-block-jetpack-slideshow_image wp-image-838\" data-id=\"838\" src=\"http:\/\/svpplus.sk\/wp-content\/uploads\/2023\/02\/IMG_20181106_073310-768x1024.jpg\" srcset=\"https:\/\/svpplus.sk\/wp-content\/uploads\/2023\/02\/IMG_20181106_073310-768x1024.jpg 768w, https:\/\/svpplus.sk\/wp-content\/uploads\/2023\/02\/IMG_20181106_073310-225x300.jpg 225w, https:\/\/svpplus.sk\/wp-content\/uploads\/2023\/02\/IMG_20181106_073310-1152x1536.jpg 1152w, https:\/\/svpplus.sk\/wp-content\/uploads\/2023\/02\/IMG_20181106_073310-1536x2048.jpg 1536w, https:\/\/svpplus.sk\/wp-content\/uploads\/2023\/02\/IMG_20181106_073310-scaled.jpg 1920w\" sizes=\"(max-width: 768px) 100vw, 768px\" \/><figcaption class=\"wp-block-jetpack-slideshow_caption gallery-caption\">vysokozdvi\u017en\u00e1 plo\u0161ina v obmedzenom priestore <\/figcaption><\/figure><\/li><li class=\"wp-block-jetpack-slideshow_slide swiper-slide\"><figure><img decoding=\"async\" loading=\"lazy\" width=\"1024\" height=\"768\" alt=\"\" class=\"wp-block-jetpack-slideshow_image wp-image-840\" data-id=\"840\" src=\"http:\/\/svpplus.sk\/wp-content\/uploads\/2023\/02\/IMG_20201103_092406-1024x768.jpg\" srcset=\"https:\/\/svpplus.sk\/wp-content\/uploads\/2023\/02\/IMG_20201103_092406-1024x768.jpg 1024w, https:\/\/svpplus.sk\/wp-content\/uploads\/2023\/02\/IMG_20201103_092406-300x225.jpg 300w, https:\/\/svpplus.sk\/wp-content\/uploads\/2023\/02\/IMG_20201103_092406-768x576.jpg 768w, https:\/\/svpplus.sk\/wp-content\/uploads\/2023\/02\/IMG_20201103_092406-1536x1152.jpg 1536w, https:\/\/svpplus.sk\/wp-content\/uploads\/2023\/02\/IMG_20201103_092406-2048x1536.jpg 2048w\" sizes=\"(max-width: 1024px) 100vw, 1024px\" \/><figcaption class=\"wp-block-jetpack-slideshow_caption gallery-caption\">lanov\u00fd pr\u00edsup 100 m budova<\/figcaption><\/figure><\/li><li class=\"wp-block-jetpack-slideshow_slide swiper-slide\"><figure><img decoding=\"async\" loading=\"lazy\" width=\"768\" height=\"1024\" alt=\"\" class=\"wp-block-jetpack-slideshow_image wp-image-841\" data-id=\"841\" src=\"http:\/\/svpplus.sk\/wp-content\/uploads\/2023\/02\/k4-768x1024.jpg\" srcset=\"https:\/\/svpplus.sk\/wp-content\/uploads\/2023\/02\/k4-768x1024.jpg 768w, https:\/\/svpplus.sk\/wp-content\/uploads\/2023\/02\/k4-225x300.jpg 225w, https:\/\/svpplus.sk\/wp-content\/uploads\/2023\/02\/k4.jpg 1116w\" sizes=\"(max-width: 768px) 100vw, 768px\" \/><figcaption class=\"wp-block-jetpack-slideshow_caption gallery-caption\">kombin\u00e1cia le\u0161enia a lanov\u00e9ho pr\u00edstupu<\/figcaption><\/figure><\/li><li class=\"wp-block-jetpack-slideshow_slide swiper-slide\"><figure><img decoding=\"async\" loading=\"lazy\" width=\"528\" height=\"960\" alt=\"\" class=\"wp-block-jetpack-slideshow_image wp-image-843\" data-id=\"843\" src=\"http:\/\/svpplus.sk\/wp-content\/uploads\/2023\/02\/lp2.jpg\" srcset=\"https:\/\/svpplus.sk\/wp-content\/uploads\/2023\/02\/lp2.jpg 528w, https:\/\/svpplus.sk\/wp-content\/uploads\/2023\/02\/lp2-165x300.jpg 165w\" sizes=\"(max-width: 528px) 100vw, 528px\" \/><figcaption class=\"wp-block-jetpack-slideshow_caption gallery-caption\">horolezeck\u00e1 technika<\/figcaption><\/figure><\/li><li class=\"wp-block-jetpack-slideshow_slide swiper-slide\"><figure><img decoding=\"async\" loading=\"lazy\" width=\"800\" height=\"600\" alt=\"\" class=\"wp-block-jetpack-slideshow_image wp-image-844\" data-id=\"844\" src=\"http:\/\/svpplus.sk\/wp-content\/uploads\/2023\/02\/P1090952.jpg\" srcset=\"https:\/\/svpplus.sk\/wp-content\/uploads\/2023\/02\/P1090952.jpg 800w, https:\/\/svpplus.sk\/wp-content\/uploads\/2023\/02\/P1090952-300x225.jpg 300w, https:\/\/svpplus.sk\/wp-content\/uploads\/2023\/02\/P1090952-768x576.jpg 768w\" sizes=\"(max-width: 800px) 100vw, 800px\" \/><figcaption class=\"wp-block-jetpack-slideshow_caption gallery-caption\">mobiln\u00e9 le\u0161enie<\/figcaption><\/figure><\/li><\/ul><a class=\"wp-block-jetpack-slideshow_button-prev swiper-button-prev swiper-button-white\" role=\"button\"><\/a><a class=\"wp-block-jetpack-slideshow_button-next swiper-button-next swiper-button-white\" role=\"button\"><\/a><a aria-label=\"Pause Slideshow\" class=\"wp-block-jetpack-slideshow_button-pause\" role=\"button\"><\/a><div class=\"wp-block-jetpack-slideshow_pagination swiper-pagination swiper-pagination-white\"><\/div><\/div><\/div>\n\n\n\n<div class=\"is-layout-flow wp-block-group alignfull has-neve-link-color-background-color has-background\"><div class=\"wp-block-group__inner-container\">\n<div style=\"height:25px\" aria-hidden=\"true\" class=\"wp-block-spacer\"><\/div>\n\n\n\n<p class=\"has-text-align-center animated zoomIn has-neve-text-color-color has-text-color has-medium-font-size\">Netvrd\u00edme, \u017ee neexistuj\u00fa nepr\u00edstupn\u00e9 miesta. S na\u0161imi sk\u00fasenos\u0165ami si porad\u00edme aj s n\u00e1ro\u010dn\u00fdmi podmienkami. Zavolajte n\u00e1s a pok\u00fasime sa vyrie\u0161i\u0165 situ\u00e1ciu u v\u00e1s \u010do najefekt\u00edvnej\u0161ie.<\/p>\n\n\n\n<div style=\"height:1px\" aria-hidden=\"true\" class=\"wp-block-spacer\"><\/div>\n<\/div><\/div>\n","protected":false},"excerpt":{"rendered":"<p>Nami pou\u017e\u00edvan\u00e9 pr\u00edstupy Netvrd\u00edme, \u017ee neexistuj\u00fa nepr\u00edstupn\u00e9 miesta. S na\u0161imi sk\u00fasenos\u0165ami si porad\u00edme aj s n\u00e1ro\u010dn\u00fdmi podmienkami. Zavolajte n\u00e1s a pok\u00fasime sa vyrie\u0161i\u0165 situ\u00e1ciu u v\u00e1s \u010do najefekt\u00edvnej\u0161ie.<\/p>\n","protected":false},"author":1,"featured_media":0,"parent":0,"menu_order":0,"comment_status":"closed","ping_status":"closed","template":"","meta":{"_mi_skip_tracking":false,"neve_meta_sidebar":"","neve_meta_container":"default","neve_meta_enable_content_width":"","neve_meta_content_width":0,"neve_meta_title_alignment":"","neve_meta_author_avatar":"","neve_post_elements_order":"","neve_meta_disable_header":"","neve_meta_disable_footer":"","neve_meta_disable_title":"on","_themeisle_gutenberg_block_has_review":false,"_ti_tpc_template_sync":false,"_ti_tpc_template_id":""},"yoast_head":"<!-- This site is optimized with the Yoast SEO plugin v20.0 - https:\/\/yoast.com\/wordpress\/plugins\/seo\/ -->\n<title>Pr\u00edstupy - svpplus.sk<\/title>\n<meta name=\"robots\" content=\"index, follow, max-snippet:-1, max-image-preview:large, max-video-preview:-1\" \/>\n<link rel=\"canonical\" href=\"https:\/\/svpplus.sk\/index.php\/pristupy\/\" \/>\n<meta property=\"og:locale\" content=\"sk_SK\" \/>\n<meta property=\"og:type\" content=\"article\" \/>\n<meta property=\"og:title\" content=\"Pr\u00edstupy - svpplus.sk\" \/>\n<meta property=\"og:description\" content=\"Nami pou\u017e\u00edvan\u00e9 pr\u00edstupy Netvrd\u00edme, \u017ee neexistuj\u00fa nepr\u00edstupn\u00e9 miesta. S na\u0161imi sk\u00fasenos\u0165ami si porad\u00edme aj s n\u00e1ro\u010dn\u00fdmi podmienkami. Zavolajte n\u00e1s a pok\u00fasime sa vyrie\u0161i\u0165 situ\u00e1ciu u v\u00e1s \u010do najefekt\u00edvnej\u0161ie.\" \/>\n<meta property=\"og:url\" content=\"https:\/\/svpplus.sk\/index.php\/pristupy\/\" \/>\n<meta property=\"og:site_name\" content=\"svpplus.sk\" \/>\n<meta property=\"article:modified_time\" content=\"2025-02-02T15:26:42+00:00\" \/>\n<meta property=\"og:image\" content=\"http:\/\/svpplus.sk\/wp-content\/uploads\/2023\/02\/lp1.jpg\" \/>\n<meta name=\"twitter:card\" content=\"summary_large_image\" \/>\n<meta name=\"twitter:label1\" content=\"Predpokladan\u00fd \u010das \u010d\u00edtania\" \/>\n\t<meta name=\"twitter:data1\" content=\"2 min\u00faty\" \/>\n<script type=\"application\/ld+json\" class=\"yoast-schema-graph\">{\"@context\":\"https:\/\/schema.org\",\"@graph\":[{\"@type\":\"WebPage\",\"@id\":\"https:\/\/svpplus.sk\/index.php\/pristupy\/\",\"url\":\"https:\/\/svpplus.sk\/index.php\/pristupy\/\",\"name\":\"Pr\u00edstupy - svpplus.sk\",\"isPartOf\":{\"@id\":\"https:\/\/svpplus.sk\/#website\"},\"datePublished\":\"2023-02-08T10:02:29+00:00\",\"dateModified\":\"2025-02-02T15:26:42+00:00\",\"breadcrumb\":{\"@id\":\"https:\/\/svpplus.sk\/index.php\/pristupy\/#breadcrumb\"},\"inLanguage\":\"sk-SK\",\"potentialAction\":[{\"@type\":\"ReadAction\",\"target\":[\"https:\/\/svpplus.sk\/index.php\/pristupy\/\"]}]},{\"@type\":\"BreadcrumbList\",\"@id\":\"https:\/\/svpplus.sk\/index.php\/pristupy\/#breadcrumb\",\"itemListElement\":[{\"@type\":\"ListItem\",\"position\":1,\"name\":\"Home\",\"item\":\"https:\/\/svpplus.sk\/\"},{\"@type\":\"ListItem\",\"position\":2,\"name\":\"Pr\u00edstupy\"}]},{\"@type\":\"WebSite\",\"@id\":\"https:\/\/svpplus.sk\/#website\",\"url\":\"https:\/\/svpplus.sk\/\",\"name\":\"svpplus.sk\",\"description\":\"v\u00fd\u0161kov\u00e9 pr\u00e1ce v Bratislave\",\"publisher\":{\"@id\":\"https:\/\/svpplus.sk\/#organization\"},\"potentialAction\":[{\"@type\":\"SearchAction\",\"target\":{\"@type\":\"EntryPoint\",\"urlTemplate\":\"https:\/\/svpplus.sk\/?s={search_term_string}\"},\"query-input\":\"required name=search_term_string\"}],\"inLanguage\":\"sk-SK\"},{\"@type\":\"Organization\",\"@id\":\"https:\/\/svpplus.sk\/#organization\",\"name\":\"svpplus.sk\",\"url\":\"https:\/\/svpplus.sk\/\",\"logo\":{\"@type\":\"ImageObject\",\"inLanguage\":\"sk-SK\",\"@id\":\"https:\/\/svpplus.sk\/#\/schema\/logo\/image\/\",\"url\":\"https:\/\/svpplus.sk\/wp-content\/uploads\/2022\/06\/cropped-ikonaaa.png\",\"contentUrl\":\"https:\/\/svpplus.sk\/wp-content\/uploads\/2022\/06\/cropped-ikonaaa.png\",\"width\":512,\"height\":512,\"caption\":\"svpplus.sk\"},\"image\":{\"@id\":\"https:\/\/svpplus.sk\/#\/schema\/logo\/image\/\"}}]}<\/script>\n<!-- \/ Yoast SEO plugin. -->","yoast_head_json":{"title":"Pr\u00edstupy - svpplus.sk","robots":{"index":"index","follow":"follow","max-snippet":"max-snippet:-1","max-image-preview":"max-image-preview:large","max-video-preview":"max-video-preview:-1"},"canonical":"https:\/\/svpplus.sk\/index.php\/pristupy\/","og_locale":"sk_SK","og_type":"article","og_title":"Pr\u00edstupy - svpplus.sk","og_description":"Nami pou\u017e\u00edvan\u00e9 pr\u00edstupy Netvrd\u00edme, \u017ee neexistuj\u00fa nepr\u00edstupn\u00e9 miesta. S na\u0161imi sk\u00fasenos\u0165ami si porad\u00edme aj s n\u00e1ro\u010dn\u00fdmi podmienkami. Zavolajte n\u00e1s a pok\u00fasime sa vyrie\u0161i\u0165 situ\u00e1ciu u v\u00e1s \u010do najefekt\u00edvnej\u0161ie.","og_url":"https:\/\/svpplus.sk\/index.php\/pristupy\/","og_site_name":"svpplus.sk","article_modified_time":"2025-02-02T15:26:42+00:00","og_image":[{"url":"http:\/\/svpplus.sk\/wp-content\/uploads\/2023\/02\/lp1.jpg"}],"twitter_card":"summary_large_image","twitter_misc":{"Predpokladan\u00fd \u010das \u010d\u00edtania":"2 min\u00faty"},"schema":{"@context":"https:\/\/schema.org","@graph":[{"@type":"WebPage","@id":"https:\/\/svpplus.sk\/index.php\/pristupy\/","url":"https:\/\/svpplus.sk\/index.php\/pristupy\/","name":"Pr\u00edstupy - svpplus.sk","isPartOf":{"@id":"https:\/\/svpplus.sk\/#website"},"datePublished":"2023-02-08T10:02:29+00:00","dateModified":"2025-02-02T15:26:42+00:00","breadcrumb":{"@id":"https:\/\/svpplus.sk\/index.php\/pristupy\/#breadcrumb"},"inLanguage":"sk-SK","potentialAction":[{"@type":"ReadAction","target":["https:\/\/svpplus.sk\/index.php\/pristupy\/"]}]},{"@type":"BreadcrumbList","@id":"https:\/\/svpplus.sk\/index.php\/pristupy\/#breadcrumb","itemListElement":[{"@type":"ListItem","position":1,"name":"Home","item":"https:\/\/svpplus.sk\/"},{"@type":"ListItem","position":2,"name":"Pr\u00edstupy"}]},{"@type":"WebSite","@id":"https:\/\/svpplus.sk\/#website","url":"https:\/\/svpplus.sk\/","name":"svpplus.sk","description":"v\u00fd\u0161kov\u00e9 pr\u00e1ce v Bratislave","publisher":{"@id":"https:\/\/svpplus.sk\/#organization"},"potentialAction":[{"@type":"SearchAction","target":{"@type":"EntryPoint","urlTemplate":"https:\/\/svpplus.sk\/?s={search_term_string}"},"query-input":"required name=search_term_string"}],"inLanguage":"sk-SK"},{"@type":"Organization","@id":"https:\/\/svpplus.sk\/#organization","name":"svpplus.sk","url":"https:\/\/svpplus.sk\/","logo":{"@type":"ImageObject","inLanguage":"sk-SK","@id":"https:\/\/svpplus.sk\/#\/schema\/logo\/image\/","url":"https:\/\/svpplus.sk\/wp-content\/uploads\/2022\/06\/cropped-ikonaaa.png","contentUrl":"https:\/\/svpplus.sk\/wp-content\/uploads\/2022\/06\/cropped-ikonaaa.png","width":512,"height":512,"caption":"svpplus.sk"},"image":{"@id":"https:\/\/svpplus.sk\/#\/schema\/logo\/image\/"}}]}},"_links":{"self":[{"href":"https:\/\/svpplus.sk\/index.php\/wp-json\/wp\/v2\/pages\/836"}],"collection":[{"href":"https:\/\/svpplus.sk\/index.php\/wp-json\/wp\/v2\/pages"}],"about":[{"href":"https:\/\/svpplus.sk\/index.php\/wp-json\/wp\/v2\/types\/page"}],"author":[{"embeddable":true,"href":"https:\/\/svpplus.sk\/index.php\/wp-json\/wp\/v2\/users\/1"}],"replies":[{"embeddable":true,"href":"https:\/\/svpplus.sk\/index.php\/wp-json\/wp\/v2\/comments?post=836"}],"version-history":[{"count":6,"href":"https:\/\/svpplus.sk\/index.php\/wp-json\/wp\/v2\/pages\/836\/revisions"}],"predecessor-version":[{"id":1850,"href":"https:\/\/svpplus.sk\/index.php\/wp-json\/wp\/v2\/pages\/836\/revisions\/1850"}],"wp:attachment":[{"href":"https:\/\/svpplus.sk\/index.php\/wp-json\/wp\/v2\/media?parent=836"}],"curies":[{"name":"wp","href":"https:\/\/api.w.org\/{rel}","templated":true}]}}