{"id":561,"date":"2023-02-03T19:04:04","date_gmt":"2023-02-03T18:04:04","guid":{"rendered":"https:\/\/svpplus.sk\/?page_id=561"},"modified":"2025-02-02T16:22:07","modified_gmt":"2025-02-02T15:22:07","slug":"lezecke-steny","status":"publish","type":"page","link":"https:\/\/svpplus.sk\/index.php\/lezecke-steny\/","title":{"rendered":"Lezeck\u00e9 steny"},"content":{"rendered":"\n<div style=\"height:25px\" aria-hidden=\"true\" class=\"wp-block-spacer\"><\/div>\n\n\n\n<h2 class=\"animated zoomIn has-neve-text-color-color has-neve-link-color-background-color has-text-color has-background has-medium-font-size\" style=\"font-style:normal;font-weight:300\">N\u00e1vrh a stavba lezeckej stienky<\/h2>\n\n\n\n<div class=\"wp-block-jetpack-slideshow aligncenter\" data-autoplay=\"true\" data-delay=\"2\" data-effect=\"fade\"><div class=\"wp-block-jetpack-slideshow_container swiper-container\"><ul class=\"wp-block-jetpack-slideshow_swiper-wrapper swiper-wrapper\"><li class=\"wp-block-jetpack-slideshow_slide swiper-slide\"><figure><img decoding=\"async\" loading=\"lazy\" width=\"1024\" height=\"768\" alt=\"\" class=\"wp-block-jetpack-slideshow_image wp-image-575\" data-id=\"575\" src=\"http:\/\/svpplus.sk\/wp-content\/uploads\/2023\/02\/20220813_203855-1024x768.jpg\" srcset=\"https:\/\/svpplus.sk\/wp-content\/uploads\/2023\/02\/20220813_203855-1024x768.jpg 1024w, https:\/\/svpplus.sk\/wp-content\/uploads\/2023\/02\/20220813_203855-300x225.jpg 300w, https:\/\/svpplus.sk\/wp-content\/uploads\/2023\/02\/20220813_203855-768x576.jpg 768w, https:\/\/svpplus.sk\/wp-content\/uploads\/2023\/02\/20220813_203855-1536x1152.jpg 1536w, https:\/\/svpplus.sk\/wp-content\/uploads\/2023\/02\/20220813_203855-2048x1536.jpg 2048w\" sizes=\"(max-width: 1024px) 100vw, 1024px\" \/><\/figure><\/li><li class=\"wp-block-jetpack-slideshow_slide swiper-slide\"><figure><img decoding=\"async\" loading=\"lazy\" width=\"1024\" height=\"768\" alt=\"\" class=\"wp-block-jetpack-slideshow_image wp-image-566\" data-id=\"566\" src=\"http:\/\/svpplus.sk\/wp-content\/uploads\/2023\/02\/IMG_20210211_165611-1024x768.jpg\" srcset=\"https:\/\/svpplus.sk\/wp-content\/uploads\/2023\/02\/IMG_20210211_165611-1024x768.jpg 1024w, https:\/\/svpplus.sk\/wp-content\/uploads\/2023\/02\/IMG_20210211_165611-300x225.jpg 300w, https:\/\/svpplus.sk\/wp-content\/uploads\/2023\/02\/IMG_20210211_165611-768x576.jpg 768w, https:\/\/svpplus.sk\/wp-content\/uploads\/2023\/02\/IMG_20210211_165611-1536x1152.jpg 1536w, https:\/\/svpplus.sk\/wp-content\/uploads\/2023\/02\/IMG_20210211_165611-2048x1536.jpg 2048w\" sizes=\"(max-width: 1024px) 100vw, 1024px\" \/><\/figure><\/li><li class=\"wp-block-jetpack-slideshow_slide swiper-slide\"><figure><img decoding=\"async\" loading=\"lazy\" width=\"768\" height=\"1024\" alt=\"\" class=\"wp-block-jetpack-slideshow_image wp-image-567\" data-id=\"567\" src=\"http:\/\/svpplus.sk\/wp-content\/uploads\/2023\/02\/IMG_20210213_104438-768x1024.jpg\" srcset=\"https:\/\/svpplus.sk\/wp-content\/uploads\/2023\/02\/IMG_20210213_104438-768x1024.jpg 768w, https:\/\/svpplus.sk\/wp-content\/uploads\/2023\/02\/IMG_20210213_104438-225x300.jpg 225w, https:\/\/svpplus.sk\/wp-content\/uploads\/2023\/02\/IMG_20210213_104438-1152x1536.jpg 1152w, https:\/\/svpplus.sk\/wp-content\/uploads\/2023\/02\/IMG_20210213_104438-1536x2048.jpg 1536w, https:\/\/svpplus.sk\/wp-content\/uploads\/2023\/02\/IMG_20210213_104438-scaled.jpg 1920w\" sizes=\"(max-width: 768px) 100vw, 768px\" \/><\/figure><\/li><li class=\"wp-block-jetpack-slideshow_slide swiper-slide\"><figure><img decoding=\"async\" loading=\"lazy\" width=\"768\" height=\"1024\" alt=\"\" class=\"wp-block-jetpack-slideshow_image wp-image-569\" data-id=\"569\" src=\"http:\/\/svpplus.sk\/wp-content\/uploads\/2023\/02\/IMG_20210213_162315-768x1024.jpg\" srcset=\"https:\/\/svpplus.sk\/wp-content\/uploads\/2023\/02\/IMG_20210213_162315-768x1024.jpg 768w, https:\/\/svpplus.sk\/wp-content\/uploads\/2023\/02\/IMG_20210213_162315-225x300.jpg 225w, https:\/\/svpplus.sk\/wp-content\/uploads\/2023\/02\/IMG_20210213_162315-1152x1536.jpg 1152w, https:\/\/svpplus.sk\/wp-content\/uploads\/2023\/02\/IMG_20210213_162315-1536x2048.jpg 1536w, https:\/\/svpplus.sk\/wp-content\/uploads\/2023\/02\/IMG_20210213_162315-scaled.jpg 1920w\" sizes=\"(max-width: 768px) 100vw, 768px\" \/><\/figure><\/li><li class=\"wp-block-jetpack-slideshow_slide swiper-slide\"><figure><img decoding=\"async\" loading=\"lazy\" width=\"1024\" height=\"768\" alt=\"\" class=\"wp-block-jetpack-slideshow_image wp-image-570\" data-id=\"570\" src=\"http:\/\/svpplus.sk\/wp-content\/uploads\/2023\/02\/IMG_20210213_162553-1024x768.jpg\" srcset=\"https:\/\/svpplus.sk\/wp-content\/uploads\/2023\/02\/IMG_20210213_162553-1024x768.jpg 1024w, https:\/\/svpplus.sk\/wp-content\/uploads\/2023\/02\/IMG_20210213_162553-300x225.jpg 300w, https:\/\/svpplus.sk\/wp-content\/uploads\/2023\/02\/IMG_20210213_162553-768x576.jpg 768w, https:\/\/svpplus.sk\/wp-content\/uploads\/2023\/02\/IMG_20210213_162553-1536x1152.jpg 1536w, https:\/\/svpplus.sk\/wp-content\/uploads\/2023\/02\/IMG_20210213_162553-2048x1536.jpg 2048w\" sizes=\"(max-width: 1024px) 100vw, 1024px\" \/><\/figure><\/li><li class=\"wp-block-jetpack-slideshow_slide swiper-slide\"><figure><img decoding=\"async\" loading=\"lazy\" width=\"768\" height=\"1024\" alt=\"\" class=\"wp-block-jetpack-slideshow_image wp-image-571\" data-id=\"571\" src=\"http:\/\/svpplus.sk\/wp-content\/uploads\/2023\/02\/IMG_20210221_165750-768x1024.jpg\" srcset=\"https:\/\/svpplus.sk\/wp-content\/uploads\/2023\/02\/IMG_20210221_165750-768x1024.jpg 768w, https:\/\/svpplus.sk\/wp-content\/uploads\/2023\/02\/IMG_20210221_165750-225x300.jpg 225w, https:\/\/svpplus.sk\/wp-content\/uploads\/2023\/02\/IMG_20210221_165750-1152x1536.jpg 1152w, https:\/\/svpplus.sk\/wp-content\/uploads\/2023\/02\/IMG_20210221_165750-1536x2048.jpg 1536w, https:\/\/svpplus.sk\/wp-content\/uploads\/2023\/02\/IMG_20210221_165750-scaled.jpg 1920w\" sizes=\"(max-width: 768px) 100vw, 768px\" \/><\/figure><\/li><li class=\"wp-block-jetpack-slideshow_slide swiper-slide\"><figure><img decoding=\"async\" loading=\"lazy\" width=\"1024\" height=\"768\" alt=\"\" class=\"wp-block-jetpack-slideshow_image wp-image-573\" data-id=\"573\" src=\"http:\/\/svpplus.sk\/wp-content\/uploads\/2023\/02\/IMG_20210225_160859-1024x768.jpg\" srcset=\"https:\/\/svpplus.sk\/wp-content\/uploads\/2023\/02\/IMG_20210225_160859-1024x768.jpg 1024w, https:\/\/svpplus.sk\/wp-content\/uploads\/2023\/02\/IMG_20210225_160859-300x225.jpg 300w, https:\/\/svpplus.sk\/wp-content\/uploads\/2023\/02\/IMG_20210225_160859-768x576.jpg 768w, https:\/\/svpplus.sk\/wp-content\/uploads\/2023\/02\/IMG_20210225_160859-1536x1152.jpg 1536w, https:\/\/svpplus.sk\/wp-content\/uploads\/2023\/02\/IMG_20210225_160859-2048x1536.jpg 2048w\" sizes=\"(max-width: 1024px) 100vw, 1024px\" \/><\/figure><\/li><li class=\"wp-block-jetpack-slideshow_slide swiper-slide\"><figure><img decoding=\"async\" loading=\"lazy\" width=\"768\" height=\"1024\" alt=\"\" class=\"wp-block-jetpack-slideshow_image wp-image-562\" data-id=\"562\" src=\"http:\/\/svpplus.sk\/wp-content\/uploads\/2023\/02\/20230126_094747-768x1024.jpg\" srcset=\"https:\/\/svpplus.sk\/wp-content\/uploads\/2023\/02\/20230126_094747-768x1024.jpg 768w, https:\/\/svpplus.sk\/wp-content\/uploads\/2023\/02\/20230126_094747-225x300.jpg 225w, https:\/\/svpplus.sk\/wp-content\/uploads\/2023\/02\/20230126_094747-1152x1536.jpg 1152w, https:\/\/svpplus.sk\/wp-content\/uploads\/2023\/02\/20230126_094747-1536x2048.jpg 1536w, https:\/\/svpplus.sk\/wp-content\/uploads\/2023\/02\/20230126_094747-scaled.jpg 1920w\" sizes=\"(max-width: 768px) 100vw, 768px\" \/><\/figure><\/li><li class=\"wp-block-jetpack-slideshow_slide swiper-slide\"><figure><img decoding=\"async\" loading=\"lazy\" width=\"768\" height=\"1024\" alt=\"\" class=\"wp-block-jetpack-slideshow_image wp-image-564\" data-id=\"564\" src=\"http:\/\/svpplus.sk\/wp-content\/uploads\/2023\/02\/20230126_095101-768x1024.jpg\" srcset=\"https:\/\/svpplus.sk\/wp-content\/uploads\/2023\/02\/20230126_095101-768x1024.jpg 768w, https:\/\/svpplus.sk\/wp-content\/uploads\/2023\/02\/20230126_095101-225x300.jpg 225w, https:\/\/svpplus.sk\/wp-content\/uploads\/2023\/02\/20230126_095101-1152x1536.jpg 1152w, https:\/\/svpplus.sk\/wp-content\/uploads\/2023\/02\/20230126_095101-1536x2048.jpg 1536w, https:\/\/svpplus.sk\/wp-content\/uploads\/2023\/02\/20230126_095101-scaled.jpg 1920w\" sizes=\"(max-width: 768px) 100vw, 768px\" \/><\/figure><\/li><li class=\"wp-block-jetpack-slideshow_slide swiper-slide\"><figure><img decoding=\"async\" loading=\"lazy\" width=\"768\" height=\"1024\" alt=\"\" class=\"wp-block-jetpack-slideshow_image wp-image-565\" data-id=\"565\" src=\"http:\/\/svpplus.sk\/wp-content\/uploads\/2023\/02\/20230126_095237-1-768x1024.jpg\" srcset=\"https:\/\/svpplus.sk\/wp-content\/uploads\/2023\/02\/20230126_095237-1-768x1024.jpg 768w, https:\/\/svpplus.sk\/wp-content\/uploads\/2023\/02\/20230126_095237-1-225x300.jpg 225w, https:\/\/svpplus.sk\/wp-content\/uploads\/2023\/02\/20230126_095237-1-1152x1536.jpg 1152w, https:\/\/svpplus.sk\/wp-content\/uploads\/2023\/02\/20230126_095237-1-1536x2048.jpg 1536w, https:\/\/svpplus.sk\/wp-content\/uploads\/2023\/02\/20230126_095237-1-scaled.jpg 1920w\" sizes=\"(max-width: 768px) 100vw, 768px\" \/><\/figure><\/li><\/ul><a class=\"wp-block-jetpack-slideshow_button-prev swiper-button-prev swiper-button-white\" role=\"button\"><\/a><a class=\"wp-block-jetpack-slideshow_button-next swiper-button-next swiper-button-white\" role=\"button\"><\/a><a aria-label=\"Pause Slideshow\" class=\"wp-block-jetpack-slideshow_button-pause\" role=\"button\"><\/a><div class=\"wp-block-jetpack-slideshow_pagination swiper-pagination swiper-pagination-white\"><\/div><\/div><\/div>\n\n\n\n<hr class=\"wp-block-separator has-alpha-channel-opacity\"\/>\n\n\n\n<h2 class=\"animated zoomIn has-neve-text-color-color has-neve-link-color-background-color has-text-color has-background has-medium-font-size\" style=\"font-style:normal;font-weight:300\">Bouldrov\u00e1 stienka v podkrov\u00ed<\/h2>\n\n\n\n<div class=\"wp-block-jetpack-slideshow aligncenter\" data-autoplay=\"true\" data-delay=\"2\" data-effect=\"fade\"><div class=\"wp-block-jetpack-slideshow_container swiper-container\"><ul class=\"wp-block-jetpack-slideshow_swiper-wrapper swiper-wrapper\"><li class=\"wp-block-jetpack-slideshow_slide swiper-slide\"><figure><img decoding=\"async\" loading=\"lazy\" width=\"800\" height=\"533\" alt=\"\" class=\"wp-block-jetpack-slideshow_image wp-image-1416\" data-id=\"1416\" src=\"http:\/\/svpplus.sk\/wp-content\/uploads\/2023\/02\/PEwwwstenaa.jpg\" srcset=\"https:\/\/svpplus.sk\/wp-content\/uploads\/2023\/02\/PEwwwstenaa.jpg 800w, https:\/\/svpplus.sk\/wp-content\/uploads\/2023\/02\/PEwwwstenaa-300x200.jpg 300w, https:\/\/svpplus.sk\/wp-content\/uploads\/2023\/02\/PEwwwstenaa-768x512.jpg 768w\" sizes=\"(max-width: 800px) 100vw, 800px\" \/><\/figure><\/li><li class=\"wp-block-jetpack-slideshow_slide swiper-slide\"><figure><img decoding=\"async\" loading=\"lazy\" width=\"691\" height=\"460\" alt=\"\" class=\"wp-block-jetpack-slideshow_image wp-image-1415\" data-id=\"1415\" src=\"http:\/\/svpplus.sk\/wp-content\/uploads\/2023\/02\/stena_2.jpg\" srcset=\"https:\/\/svpplus.sk\/wp-content\/uploads\/2023\/02\/stena_2.jpg 691w, https:\/\/svpplus.sk\/wp-content\/uploads\/2023\/02\/stena_2-300x200.jpg 300w\" sizes=\"(max-width: 691px) 100vw, 691px\" \/><\/figure><\/li><li class=\"wp-block-jetpack-slideshow_slide swiper-slide\"><figure><img decoding=\"async\" loading=\"lazy\" width=\"733\" height=\"532\" alt=\"\" class=\"wp-block-jetpack-slideshow_image wp-image-1421\" data-id=\"1421\" src=\"http:\/\/svpplus.sk\/wp-content\/uploads\/2023\/02\/PEwwwstenaaa-1.jpg\" srcset=\"https:\/\/svpplus.sk\/wp-content\/uploads\/2023\/02\/PEwwwstenaaa-1.jpg 733w, https:\/\/svpplus.sk\/wp-content\/uploads\/2023\/02\/PEwwwstenaaa-1-300x218.jpg 300w\" sizes=\"(max-width: 733px) 100vw, 733px\" \/><\/figure><\/li><\/ul><a class=\"wp-block-jetpack-slideshow_button-prev swiper-button-prev swiper-button-white\" role=\"button\"><\/a><a class=\"wp-block-jetpack-slideshow_button-next swiper-button-next swiper-button-white\" role=\"button\"><\/a><a aria-label=\"Pause Slideshow\" class=\"wp-block-jetpack-slideshow_button-pause\" role=\"button\"><\/a><div class=\"wp-block-jetpack-slideshow_pagination swiper-pagination swiper-pagination-white\"><\/div><\/div><\/div>\n\n\n\n<div class=\"is-layout-flow wp-block-group alignfull has-neve-link-color-background-color has-background\"><div class=\"wp-block-group__inner-container\">\n<div style=\"height:25px\" aria-hidden=\"true\" class=\"wp-block-spacer\"><\/div>\n\n\n\n<p class=\"has-text-align-center animated zoomIn has-neve-text-color-color has-text-color has-medium-font-size\">Ak m\u00e1te doma nevyu\u017eit\u00fd priestor, vieme sa pozrie\u0165 na to, \u010di by sa nedal upravi\u0165 a vyu\u017ei\u0165 pr\u00e1ve tak\u00fdmto sp\u00f4sobom.  <\/p>\n\n\n\n<div style=\"height:1px\" aria-hidden=\"true\" class=\"wp-block-spacer\"><\/div>\n<\/div><\/div>\n","protected":false},"excerpt":{"rendered":"<p>N\u00e1vrh a stavba lezeckej stienky Bouldrov\u00e1 stienka v podkrov\u00ed Ak m\u00e1te doma nevyu\u017eit\u00fd priestor, vieme sa pozrie\u0165 na to, \u010di by sa nedal upravi\u0165 a vyu\u017ei\u0165 pr\u00e1ve tak\u00fdmto sp\u00f4sobom.<\/p>\n","protected":false},"author":1,"featured_media":0,"parent":0,"menu_order":0,"comment_status":"closed","ping_status":"closed","template":"","meta":{"_mi_skip_tracking":false,"neve_meta_sidebar":"","neve_meta_container":"default","neve_meta_enable_content_width":"","neve_meta_content_width":0,"neve_meta_title_alignment":"","neve_meta_author_avatar":"","neve_post_elements_order":"","neve_meta_disable_header":"","neve_meta_disable_footer":"","neve_meta_disable_title":"","_themeisle_gutenberg_block_has_review":false,"_ti_tpc_template_sync":false,"_ti_tpc_template_id":""},"yoast_head":"<!-- This site is optimized with the Yoast SEO plugin v20.0 - https:\/\/yoast.com\/wordpress\/plugins\/seo\/ -->\n<title>Lezeck\u00e9 steny - svpplus.sk<\/title>\n<meta name=\"robots\" content=\"index, follow, max-snippet:-1, max-image-preview:large, max-video-preview:-1\" \/>\n<link rel=\"canonical\" href=\"https:\/\/svpplus.sk\/index.php\/lezecke-steny\/\" \/>\n<meta property=\"og:locale\" content=\"sk_SK\" \/>\n<meta property=\"og:type\" content=\"article\" \/>\n<meta property=\"og:title\" content=\"Lezeck\u00e9 steny - svpplus.sk\" \/>\n<meta property=\"og:description\" content=\"N\u00e1vrh a stavba lezeckej stienky Bouldrov\u00e1 stienka v podkrov\u00ed Ak m\u00e1te doma nevyu\u017eit\u00fd priestor, vieme sa pozrie\u0165 na to, \u010di by sa nedal upravi\u0165 a vyu\u017ei\u0165 pr\u00e1ve tak\u00fdmto sp\u00f4sobom.\" \/>\n<meta property=\"og:url\" content=\"https:\/\/svpplus.sk\/index.php\/lezecke-steny\/\" \/>\n<meta property=\"og:site_name\" content=\"svpplus.sk\" \/>\n<meta property=\"article:modified_time\" content=\"2025-02-02T15:22:07+00:00\" \/>\n<meta property=\"og:image\" content=\"http:\/\/svpplus.sk\/wp-content\/uploads\/2023\/02\/20220813_203855-1024x768.jpg\" \/>\n<meta name=\"twitter:card\" content=\"summary_large_image\" \/>\n<meta name=\"twitter:label1\" content=\"Predpokladan\u00fd \u010das \u010d\u00edtania\" \/>\n\t<meta name=\"twitter:data1\" content=\"3 min\u00faty\" \/>\n<script type=\"application\/ld+json\" class=\"yoast-schema-graph\">{\"@context\":\"https:\/\/schema.org\",\"@graph\":[{\"@type\":\"WebPage\",\"@id\":\"https:\/\/svpplus.sk\/index.php\/lezecke-steny\/\",\"url\":\"https:\/\/svpplus.sk\/index.php\/lezecke-steny\/\",\"name\":\"Lezeck\u00e9 steny - svpplus.sk\",\"isPartOf\":{\"@id\":\"https:\/\/svpplus.sk\/#website\"},\"datePublished\":\"2023-02-03T18:04:04+00:00\",\"dateModified\":\"2025-02-02T15:22:07+00:00\",\"breadcrumb\":{\"@id\":\"https:\/\/svpplus.sk\/index.php\/lezecke-steny\/#breadcrumb\"},\"inLanguage\":\"sk-SK\",\"potentialAction\":[{\"@type\":\"ReadAction\",\"target\":[\"https:\/\/svpplus.sk\/index.php\/lezecke-steny\/\"]}]},{\"@type\":\"BreadcrumbList\",\"@id\":\"https:\/\/svpplus.sk\/index.php\/lezecke-steny\/#breadcrumb\",\"itemListElement\":[{\"@type\":\"ListItem\",\"position\":1,\"name\":\"Home\",\"item\":\"https:\/\/svpplus.sk\/\"},{\"@type\":\"ListItem\",\"position\":2,\"name\":\"Lezeck\u00e9 steny\"}]},{\"@type\":\"WebSite\",\"@id\":\"https:\/\/svpplus.sk\/#website\",\"url\":\"https:\/\/svpplus.sk\/\",\"name\":\"svpplus.sk\",\"description\":\"v\u00fd\u0161kov\u00e9 pr\u00e1ce v Bratislave\",\"publisher\":{\"@id\":\"https:\/\/svpplus.sk\/#organization\"},\"potentialAction\":[{\"@type\":\"SearchAction\",\"target\":{\"@type\":\"EntryPoint\",\"urlTemplate\":\"https:\/\/svpplus.sk\/?s={search_term_string}\"},\"query-input\":\"required name=search_term_string\"}],\"inLanguage\":\"sk-SK\"},{\"@type\":\"Organization\",\"@id\":\"https:\/\/svpplus.sk\/#organization\",\"name\":\"svpplus.sk\",\"url\":\"https:\/\/svpplus.sk\/\",\"logo\":{\"@type\":\"ImageObject\",\"inLanguage\":\"sk-SK\",\"@id\":\"https:\/\/svpplus.sk\/#\/schema\/logo\/image\/\",\"url\":\"https:\/\/svpplus.sk\/wp-content\/uploads\/2022\/06\/cropped-ikonaaa.png\",\"contentUrl\":\"https:\/\/svpplus.sk\/wp-content\/uploads\/2022\/06\/cropped-ikonaaa.png\",\"width\":512,\"height\":512,\"caption\":\"svpplus.sk\"},\"image\":{\"@id\":\"https:\/\/svpplus.sk\/#\/schema\/logo\/image\/\"}}]}<\/script>\n<!-- \/ Yoast SEO plugin. -->","yoast_head_json":{"title":"Lezeck\u00e9 steny - svpplus.sk","robots":{"index":"index","follow":"follow","max-snippet":"max-snippet:-1","max-image-preview":"max-image-preview:large","max-video-preview":"max-video-preview:-1"},"canonical":"https:\/\/svpplus.sk\/index.php\/lezecke-steny\/","og_locale":"sk_SK","og_type":"article","og_title":"Lezeck\u00e9 steny - svpplus.sk","og_description":"N\u00e1vrh a stavba lezeckej stienky Bouldrov\u00e1 stienka v podkrov\u00ed Ak m\u00e1te doma nevyu\u017eit\u00fd priestor, vieme sa pozrie\u0165 na to, \u010di by sa nedal upravi\u0165 a vyu\u017ei\u0165 pr\u00e1ve tak\u00fdmto sp\u00f4sobom.","og_url":"https:\/\/svpplus.sk\/index.php\/lezecke-steny\/","og_site_name":"svpplus.sk","article_modified_time":"2025-02-02T15:22:07+00:00","og_image":[{"url":"http:\/\/svpplus.sk\/wp-content\/uploads\/2023\/02\/20220813_203855-1024x768.jpg"}],"twitter_card":"summary_large_image","twitter_misc":{"Predpokladan\u00fd \u010das \u010d\u00edtania":"3 min\u00faty"},"schema":{"@context":"https:\/\/schema.org","@graph":[{"@type":"WebPage","@id":"https:\/\/svpplus.sk\/index.php\/lezecke-steny\/","url":"https:\/\/svpplus.sk\/index.php\/lezecke-steny\/","name":"Lezeck\u00e9 steny - svpplus.sk","isPartOf":{"@id":"https:\/\/svpplus.sk\/#website"},"datePublished":"2023-02-03T18:04:04+00:00","dateModified":"2025-02-02T15:22:07+00:00","breadcrumb":{"@id":"https:\/\/svpplus.sk\/index.php\/lezecke-steny\/#breadcrumb"},"inLanguage":"sk-SK","potentialAction":[{"@type":"ReadAction","target":["https:\/\/svpplus.sk\/index.php\/lezecke-steny\/"]}]},{"@type":"BreadcrumbList","@id":"https:\/\/svpplus.sk\/index.php\/lezecke-steny\/#breadcrumb","itemListElement":[{"@type":"ListItem","position":1,"name":"Home","item":"https:\/\/svpplus.sk\/"},{"@type":"ListItem","position":2,"name":"Lezeck\u00e9 steny"}]},{"@type":"WebSite","@id":"https:\/\/svpplus.sk\/#website","url":"https:\/\/svpplus.sk\/","name":"svpplus.sk","description":"v\u00fd\u0161kov\u00e9 pr\u00e1ce v Bratislave","publisher":{"@id":"https:\/\/svpplus.sk\/#organization"},"potentialAction":[{"@type":"SearchAction","target":{"@type":"EntryPoint","urlTemplate":"https:\/\/svpplus.sk\/?s={search_term_string}"},"query-input":"required name=search_term_string"}],"inLanguage":"sk-SK"},{"@type":"Organization","@id":"https:\/\/svpplus.sk\/#organization","name":"svpplus.sk","url":"https:\/\/svpplus.sk\/","logo":{"@type":"ImageObject","inLanguage":"sk-SK","@id":"https:\/\/svpplus.sk\/#\/schema\/logo\/image\/","url":"https:\/\/svpplus.sk\/wp-content\/uploads\/2022\/06\/cropped-ikonaaa.png","contentUrl":"https:\/\/svpplus.sk\/wp-content\/uploads\/2022\/06\/cropped-ikonaaa.png","width":512,"height":512,"caption":"svpplus.sk"},"image":{"@id":"https:\/\/svpplus.sk\/#\/schema\/logo\/image\/"}}]}},"_links":{"self":[{"href":"https:\/\/svpplus.sk\/index.php\/wp-json\/wp\/v2\/pages\/561"}],"collection":[{"href":"https:\/\/svpplus.sk\/index.php\/wp-json\/wp\/v2\/pages"}],"about":[{"href":"https:\/\/svpplus.sk\/index.php\/wp-json\/wp\/v2\/types\/page"}],"author":[{"embeddable":true,"href":"https:\/\/svpplus.sk\/index.php\/wp-json\/wp\/v2\/users\/1"}],"replies":[{"embeddable":true,"href":"https:\/\/svpplus.sk\/index.php\/wp-json\/wp\/v2\/comments?post=561"}],"version-history":[{"count":6,"href":"https:\/\/svpplus.sk\/index.php\/wp-json\/wp\/v2\/pages\/561\/revisions"}],"predecessor-version":[{"id":1847,"href":"https:\/\/svpplus.sk\/index.php\/wp-json\/wp\/v2\/pages\/561\/revisions\/1847"}],"wp:attachment":[{"href":"https:\/\/svpplus.sk\/index.php\/wp-json\/wp\/v2\/media?parent=561"}],"curies":[{"name":"wp","href":"https:\/\/api.w.org\/{rel}","templated":true}]}}