{"id":458,"date":"2020-01-27T08:29:32","date_gmt":"2020-01-27T08:29:32","guid":{"rendered":"https:\/\/demosites.io\/web-agency-gb\/?page_id=75"},"modified":"2025-07-29T17:51:23","modified_gmt":"2025-07-29T15:51:23","slug":"15c42-web-agency-gb-contact-us-2","status":"publish","type":"page","link":"https:\/\/svpplus.sk\/index.php\/15c42-web-agency-gb-contact-us-2\/","title":{"rendered":"Kontakt"},"content":{"rendered":"\n<div id=\"wp-block-themeisle-blocks-advanced-columns-a2946a77\" class=\"wp-block-themeisle-blocks-advanced-columns alignfull has-2-columns has-desktop-equal-layout has-tablet-equal-layout has-mobile-collapsedRows-layout has-vertical-center ticss-a2946a77 animated zoomIn\"><div class=\"wp-block-themeisle-blocks-advanced-columns-overlay\"><\/div><div class=\"innerblocks-wrap\">\n<div id=\"wp-block-themeisle-blocks-advanced-column-bbddf55b\" class=\"wp-block-themeisle-blocks-advanced-column\"><div class=\"wp-block-image animated zoomIn\">\n<figure class=\"aligncenter size-full is-resized\"><img decoding=\"async\" loading=\"lazy\" src=\"http:\/\/svpplus.sk\/wp-content\/uploads\/2022\/06\/cropped-ikonaaa.png\" alt=\"\" class=\"wp-image-356\" width=\"562\" height=\"562\" srcset=\"https:\/\/svpplus.sk\/wp-content\/uploads\/2022\/06\/cropped-ikonaaa.png 512w, https:\/\/svpplus.sk\/wp-content\/uploads\/2022\/06\/cropped-ikonaaa-300x300.png 300w, https:\/\/svpplus.sk\/wp-content\/uploads\/2022\/06\/cropped-ikonaaa-150x150.png 150w, https:\/\/svpplus.sk\/wp-content\/uploads\/2022\/06\/cropped-ikonaaa-270x270.png 270w, https:\/\/svpplus.sk\/wp-content\/uploads\/2022\/06\/cropped-ikonaaa-192x192.png 192w, https:\/\/svpplus.sk\/wp-content\/uploads\/2022\/06\/cropped-ikonaaa-180x180.png 180w, https:\/\/svpplus.sk\/wp-content\/uploads\/2022\/06\/cropped-ikonaaa-32x32.png 32w\" sizes=\"(max-width: 562px) 100vw, 562px\" \/><\/figure><\/div><\/div>\n\n\n\n<div id=\"wp-block-themeisle-blocks-advanced-column-92b2db05\" class=\"wp-block-themeisle-blocks-advanced-column\">\n<p><\/p>\n\n\n\n<div style=\"height:30px\" aria-hidden=\"true\" class=\"wp-block-spacer\"><\/div>\n\n\n\n<h2 id=\"wp-block-themeisle-blocks-advanced-heading-8f1f2647\" class=\"wp-block-themeisle-blocks-advanced-heading wp-block-themeisle-blocks-advanced-heading-8f1f2647 animated zoomIn\">SVP PLUS s.r.o.<\/h2>\n\n\n\n<p class=\"animated zoomIn has-white-color has-text-color has-medium-font-size\">Istrijsk\u00e1 5091\/67, 841 07 Bratislava<\/p>\n\n\n\n<p class=\"animated zoomIn has-nv-site-bg-color has-text-color has-medium-font-size\">Spolo\u010dnos\u0165 zap\u00edsan\u00e1 v Obchodnom registri Okresn\u00e9ho s\u00fadu BA 1, odd.: Sro, Vl. \u010d. 146458\/B<\/p>\n\n\n\n<p class=\"animated zoomIn has-nv-text-dark-bg-color has-text-color has-medium-font-size\">I\u010cO: 53117689, DI\u010c: 2121292811, I\u010c DPH: SK2121292811<\/p>\n\n\n\n<p class=\"animated zoomIn has-nv-site-bg-color has-text-color has-medium-font-size\">Kontakt: Roman Sirkovsk\u00fd, konate\u013e<\/p>\n\n\n\n<p class=\"animated zoomIn has-neve-link-color-color has-text-color has-medium-font-size\">telef\u00f3n: 0903 433 685<\/p>\n\n\n\n<p class=\"animated zoomIn has-neve-link-color-color has-text-color has-medium-font-size\">e-mail: info@svpplus.sk<\/p>\n\n\n\n<div class=\"is-layout-flex wp-block-buttons\"><\/div>\n<\/div>\n<\/div><\/div>\n\n\n\n<div class=\"wp-block-cover\" style=\"min-height:119px\"><span aria-hidden=\"true\" class=\"wp-block-cover__background has-nv-site-bg-background-color has-background-dim-100 has-background-dim\"><\/span><div class=\"wp-block-cover__inner-container\">\n<div style=\"height:25px\" aria-hidden=\"true\" class=\"wp-block-spacer\"><\/div>\n\n\n\n<p class=\"has-text-align-center animated zoomIn has-neve-text-color-color has-text-color has-medium-font-size\">v pr\u00edpade z\u00e1ujmu o na\u0161e slu\u017eby n\u00e1s nev\u00e1hajte kontaktova\u0165<\/p>\n<\/div><\/div>\n\n\n\n<div class=\"wp-block-cover\" style=\"min-height:218px\"><span aria-hidden=\"true\" class=\"wp-block-cover__background has-neve-text-color-background-color has-background-dim-100 has-background-dim\"><\/span><div class=\"wp-block-cover__inner-container\">\n<div style=\"height:30px\" aria-hidden=\"true\" class=\"wp-block-spacer\"><\/div>\n\n\n\n<div class=\"is-layout-flex wp-container-7 wp-block-columns\">\n<div class=\"is-layout-flow wp-block-column\">\n<figure class=\"wp-block-image size-large animated zoomIn\" id=\"wp-block-themeisle-blocks-image-85b4507b\"><img decoding=\"async\" loading=\"lazy\" width=\"1024\" height=\"455\" src=\"https:\/\/svpplus.sk\/wp-content\/uploads\/2023\/02\/k1-1024x455.jpg\" alt=\"\" class=\"wp-image-1324\" srcset=\"https:\/\/svpplus.sk\/wp-content\/uploads\/2023\/02\/k1-1024x455.jpg 1024w, https:\/\/svpplus.sk\/wp-content\/uploads\/2023\/02\/k1-300x133.jpg 300w, https:\/\/svpplus.sk\/wp-content\/uploads\/2023\/02\/k1-768x342.jpg 768w, https:\/\/svpplus.sk\/wp-content\/uploads\/2023\/02\/k1.jpg 1250w\" sizes=\"(max-width: 1024px) 100vw, 1024px\" \/><\/figure>\n<\/div>\n\n\n\n<div class=\"is-layout-flow wp-block-column\">\n<figure class=\"wp-block-image size-full animated zoomIn\" id=\"wp-block-themeisle-blocks-image-0a0ec90a\"><img decoding=\"async\" loading=\"lazy\" width=\"900\" height=\"400\" src=\"https:\/\/svpplus.sk\/wp-content\/uploads\/2023\/02\/k4-1.jpg\" alt=\"\" class=\"wp-image-1328\" srcset=\"https:\/\/svpplus.sk\/wp-content\/uploads\/2023\/02\/k4-1.jpg 900w, https:\/\/svpplus.sk\/wp-content\/uploads\/2023\/02\/k4-1-300x133.jpg 300w, https:\/\/svpplus.sk\/wp-content\/uploads\/2023\/02\/k4-1-768x341.jpg 768w\" sizes=\"(max-width: 900px) 100vw, 900px\" \/><\/figure>\n<\/div>\n\n\n\n<div class=\"is-layout-flow wp-block-column\">\n<figure class=\"wp-block-image size-large animated zoomIn\" id=\"wp-block-themeisle-blocks-image-ffcb3937\"><img decoding=\"async\" loading=\"lazy\" width=\"1024\" height=\"455\" src=\"https:\/\/svpplus.sk\/wp-content\/uploads\/2023\/02\/k3-1024x455.jpg\" alt=\"\" class=\"wp-image-1327\" srcset=\"https:\/\/svpplus.sk\/wp-content\/uploads\/2023\/02\/k3-1024x455.jpg 1024w, https:\/\/svpplus.sk\/wp-content\/uploads\/2023\/02\/k3-300x133.jpg 300w, https:\/\/svpplus.sk\/wp-content\/uploads\/2023\/02\/k3-768x342.jpg 768w, https:\/\/svpplus.sk\/wp-content\/uploads\/2023\/02\/k3.jpg 1250w\" sizes=\"(max-width: 1024px) 100vw, 1024px\" \/><\/figure>\n<\/div>\n\n\n\n<div class=\"is-layout-flow wp-block-column\">\n<figure class=\"wp-block-image size-large animated zoomIn\" id=\"wp-block-themeisle-blocks-image-5ac45380\"><img decoding=\"async\" loading=\"lazy\" width=\"1024\" height=\"455\" src=\"https:\/\/svpplus.sk\/wp-content\/uploads\/2025\/07\/20250414_132839-1024x455.jpg\" alt=\"\" class=\"wp-image-1948\" srcset=\"https:\/\/svpplus.sk\/wp-content\/uploads\/2025\/07\/20250414_132839-1024x455.jpg 1024w, https:\/\/svpplus.sk\/wp-content\/uploads\/2025\/07\/20250414_132839-300x133.jpg 300w, https:\/\/svpplus.sk\/wp-content\/uploads\/2025\/07\/20250414_132839-768x341.jpg 768w, https:\/\/svpplus.sk\/wp-content\/uploads\/2025\/07\/20250414_132839-1536x683.jpg 1536w, https:\/\/svpplus.sk\/wp-content\/uploads\/2025\/07\/20250414_132839-2048x910.jpg 2048w\" sizes=\"(max-width: 1024px) 100vw, 1024px\" \/><\/figure>\n<\/div>\n\n\n\n<div class=\"is-layout-flow wp-block-column\">\n<figure class=\"wp-block-image size-large animated zoomIn\" id=\"wp-block-themeisle-blocks-image-e64a45d0\"><img decoding=\"async\" loading=\"lazy\" width=\"1024\" height=\"455\" src=\"http:\/\/svpplus.sk\/wp-content\/uploads\/2023\/02\/u5-1024x455.jpg\" alt=\"\" class=\"wp-image-1337\" srcset=\"https:\/\/svpplus.sk\/wp-content\/uploads\/2023\/02\/u5-1024x455.jpg 1024w, https:\/\/svpplus.sk\/wp-content\/uploads\/2023\/02\/u5-300x133.jpg 300w, https:\/\/svpplus.sk\/wp-content\/uploads\/2023\/02\/u5-768x342.jpg 768w, https:\/\/svpplus.sk\/wp-content\/uploads\/2023\/02\/u5.jpg 1250w\" sizes=\"(max-width: 1024px) 100vw, 1024px\" \/><\/figure>\n<\/div>\n<\/div>\n<\/div><\/div>\n","protected":false},"excerpt":{"rendered":"","protected":false},"author":1,"featured_media":0,"parent":0,"menu_order":0,"comment_status":"closed","ping_status":"closed","template":"","meta":{"_mi_skip_tracking":false,"neve_meta_sidebar":"default","neve_meta_container":"full-width","neve_meta_enable_content_width":"on","neve_meta_content_width":100,"neve_meta_title_alignment":"","neve_meta_author_avatar":"","neve_post_elements_order":"","neve_meta_disable_header":"","neve_meta_disable_footer":"","neve_meta_disable_title":"on","_themeisle_gutenberg_block_has_review":false,"_ti_tpc_template_sync":false,"_ti_tpc_template_id":"zuvhy18wufi8o2qqt4z7"},"yoast_head":"<!-- This site is optimized with the Yoast SEO plugin v20.0 - https:\/\/yoast.com\/wordpress\/plugins\/seo\/ -->\n<title>SVP PLUS s.r.o. - svpplus.sk - stavebn\u00e9 a v\u00fd\u0161kov\u00e9 pr\u00e1ce Bratislava<\/title>\n<meta name=\"description\" content=\"SVP PLUS s.r.o. Stavebn\u00e9 a v\u00fd\u0161kov\u00e9 pr\u00e1ce v Bratislave. \u010cistenie, oprava, n\u00e1tery striech, fas\u00e1d, kon\u0161trukci\u00ed. Rekon\u0161trukcie. Maliarske pr\u00e1ce.\" \/>\n<meta name=\"robots\" content=\"index, follow, max-snippet:-1, max-image-preview:large, max-video-preview:-1\" \/>\n<link rel=\"canonical\" href=\"https:\/\/svpplus.sk\/index.php\/15c42-web-agency-gb-contact-us-2\/\" \/>\n<meta property=\"og:locale\" content=\"sk_SK\" \/>\n<meta property=\"og:type\" content=\"article\" \/>\n<meta property=\"og:title\" content=\"SVP PLUS s.r.o. - svpplus.sk - stavebn\u00e9 a v\u00fd\u0161kov\u00e9 pr\u00e1ce Bratislava\" \/>\n<meta property=\"og:description\" content=\"SVP PLUS s.r.o. Stavebn\u00e9 a v\u00fd\u0161kov\u00e9 pr\u00e1ce v Bratislave. \u010cistenie, oprava, n\u00e1tery striech, fas\u00e1d, kon\u0161trukci\u00ed. Rekon\u0161trukcie. Maliarske pr\u00e1ce.\" \/>\n<meta property=\"og:url\" content=\"https:\/\/svpplus.sk\/index.php\/15c42-web-agency-gb-contact-us-2\/\" \/>\n<meta property=\"og:site_name\" content=\"svpplus.sk\" \/>\n<meta property=\"article:modified_time\" content=\"2025-07-29T15:51:23+00:00\" \/>\n<meta property=\"og:image\" content=\"http:\/\/svpplus.sk\/wp-content\/uploads\/2022\/06\/cropped-ikonaaa.png\" \/>\n<meta name=\"twitter:card\" content=\"summary_large_image\" \/>\n<meta name=\"twitter:label1\" content=\"Predpokladan\u00fd \u010das \u010d\u00edtania\" \/>\n\t<meta name=\"twitter:data1\" content=\"2 min\u00faty\" \/>\n<script type=\"application\/ld+json\" class=\"yoast-schema-graph\">{\"@context\":\"https:\/\/schema.org\",\"@graph\":[{\"@type\":\"WebPage\",\"@id\":\"https:\/\/svpplus.sk\/index.php\/15c42-web-agency-gb-contact-us-2\/\",\"url\":\"https:\/\/svpplus.sk\/index.php\/15c42-web-agency-gb-contact-us-2\/\",\"name\":\"SVP PLUS s.r.o. - svpplus.sk - stavebn\u00e9 a v\u00fd\u0161kov\u00e9 pr\u00e1ce Bratislava\",\"isPartOf\":{\"@id\":\"https:\/\/svpplus.sk\/#website\"},\"datePublished\":\"2020-01-27T08:29:32+00:00\",\"dateModified\":\"2025-07-29T15:51:23+00:00\",\"description\":\"SVP PLUS s.r.o. Stavebn\u00e9 a v\u00fd\u0161kov\u00e9 pr\u00e1ce v Bratislave. \u010cistenie, oprava, n\u00e1tery striech, fas\u00e1d, kon\u0161trukci\u00ed. Rekon\u0161trukcie. Maliarske pr\u00e1ce.\",\"breadcrumb\":{\"@id\":\"https:\/\/svpplus.sk\/index.php\/15c42-web-agency-gb-contact-us-2\/#breadcrumb\"},\"inLanguage\":\"sk-SK\",\"potentialAction\":[{\"@type\":\"ReadAction\",\"target\":[\"https:\/\/svpplus.sk\/index.php\/15c42-web-agency-gb-contact-us-2\/\"]}]},{\"@type\":\"BreadcrumbList\",\"@id\":\"https:\/\/svpplus.sk\/index.php\/15c42-web-agency-gb-contact-us-2\/#breadcrumb\",\"itemListElement\":[{\"@type\":\"ListItem\",\"position\":1,\"name\":\"Home\",\"item\":\"https:\/\/svpplus.sk\/\"},{\"@type\":\"ListItem\",\"position\":2,\"name\":\"Kontakt\"}]},{\"@type\":\"WebSite\",\"@id\":\"https:\/\/svpplus.sk\/#website\",\"url\":\"https:\/\/svpplus.sk\/\",\"name\":\"svpplus.sk\",\"description\":\"v\u00fd\u0161kov\u00e9 pr\u00e1ce v Bratislave\",\"publisher\":{\"@id\":\"https:\/\/svpplus.sk\/#organization\"},\"potentialAction\":[{\"@type\":\"SearchAction\",\"target\":{\"@type\":\"EntryPoint\",\"urlTemplate\":\"https:\/\/svpplus.sk\/?s={search_term_string}\"},\"query-input\":\"required name=search_term_string\"}],\"inLanguage\":\"sk-SK\"},{\"@type\":\"Organization\",\"@id\":\"https:\/\/svpplus.sk\/#organization\",\"name\":\"svpplus.sk\",\"url\":\"https:\/\/svpplus.sk\/\",\"logo\":{\"@type\":\"ImageObject\",\"inLanguage\":\"sk-SK\",\"@id\":\"https:\/\/svpplus.sk\/#\/schema\/logo\/image\/\",\"url\":\"https:\/\/svpplus.sk\/wp-content\/uploads\/2022\/06\/cropped-ikonaaa.png\",\"contentUrl\":\"https:\/\/svpplus.sk\/wp-content\/uploads\/2022\/06\/cropped-ikonaaa.png\",\"width\":512,\"height\":512,\"caption\":\"svpplus.sk\"},\"image\":{\"@id\":\"https:\/\/svpplus.sk\/#\/schema\/logo\/image\/\"}}]}<\/script>\n<!-- \/ Yoast SEO plugin. -->","yoast_head_json":{"title":"SVP PLUS s.r.o. - svpplus.sk - stavebn\u00e9 a v\u00fd\u0161kov\u00e9 pr\u00e1ce Bratislava","description":"SVP PLUS s.r.o. Stavebn\u00e9 a v\u00fd\u0161kov\u00e9 pr\u00e1ce v Bratislave. \u010cistenie, oprava, n\u00e1tery striech, fas\u00e1d, kon\u0161trukci\u00ed. Rekon\u0161trukcie. Maliarske pr\u00e1ce.","robots":{"index":"index","follow":"follow","max-snippet":"max-snippet:-1","max-image-preview":"max-image-preview:large","max-video-preview":"max-video-preview:-1"},"canonical":"https:\/\/svpplus.sk\/index.php\/15c42-web-agency-gb-contact-us-2\/","og_locale":"sk_SK","og_type":"article","og_title":"SVP PLUS s.r.o. - svpplus.sk - stavebn\u00e9 a v\u00fd\u0161kov\u00e9 pr\u00e1ce Bratislava","og_description":"SVP PLUS s.r.o. Stavebn\u00e9 a v\u00fd\u0161kov\u00e9 pr\u00e1ce v Bratislave. \u010cistenie, oprava, n\u00e1tery striech, fas\u00e1d, kon\u0161trukci\u00ed. Rekon\u0161trukcie. Maliarske pr\u00e1ce.","og_url":"https:\/\/svpplus.sk\/index.php\/15c42-web-agency-gb-contact-us-2\/","og_site_name":"svpplus.sk","article_modified_time":"2025-07-29T15:51:23+00:00","og_image":[{"url":"http:\/\/svpplus.sk\/wp-content\/uploads\/2022\/06\/cropped-ikonaaa.png"}],"twitter_card":"summary_large_image","twitter_misc":{"Predpokladan\u00fd \u010das \u010d\u00edtania":"2 min\u00faty"},"schema":{"@context":"https:\/\/schema.org","@graph":[{"@type":"WebPage","@id":"https:\/\/svpplus.sk\/index.php\/15c42-web-agency-gb-contact-us-2\/","url":"https:\/\/svpplus.sk\/index.php\/15c42-web-agency-gb-contact-us-2\/","name":"SVP PLUS s.r.o. - svpplus.sk - stavebn\u00e9 a v\u00fd\u0161kov\u00e9 pr\u00e1ce Bratislava","isPartOf":{"@id":"https:\/\/svpplus.sk\/#website"},"datePublished":"2020-01-27T08:29:32+00:00","dateModified":"2025-07-29T15:51:23+00:00","description":"SVP PLUS s.r.o. Stavebn\u00e9 a v\u00fd\u0161kov\u00e9 pr\u00e1ce v Bratislave. \u010cistenie, oprava, n\u00e1tery striech, fas\u00e1d, kon\u0161trukci\u00ed. Rekon\u0161trukcie. Maliarske pr\u00e1ce.","breadcrumb":{"@id":"https:\/\/svpplus.sk\/index.php\/15c42-web-agency-gb-contact-us-2\/#breadcrumb"},"inLanguage":"sk-SK","potentialAction":[{"@type":"ReadAction","target":["https:\/\/svpplus.sk\/index.php\/15c42-web-agency-gb-contact-us-2\/"]}]},{"@type":"BreadcrumbList","@id":"https:\/\/svpplus.sk\/index.php\/15c42-web-agency-gb-contact-us-2\/#breadcrumb","itemListElement":[{"@type":"ListItem","position":1,"name":"Home","item":"https:\/\/svpplus.sk\/"},{"@type":"ListItem","position":2,"name":"Kontakt"}]},{"@type":"WebSite","@id":"https:\/\/svpplus.sk\/#website","url":"https:\/\/svpplus.sk\/","name":"svpplus.sk","description":"v\u00fd\u0161kov\u00e9 pr\u00e1ce v Bratislave","publisher":{"@id":"https:\/\/svpplus.sk\/#organization"},"potentialAction":[{"@type":"SearchAction","target":{"@type":"EntryPoint","urlTemplate":"https:\/\/svpplus.sk\/?s={search_term_string}"},"query-input":"required name=search_term_string"}],"inLanguage":"sk-SK"},{"@type":"Organization","@id":"https:\/\/svpplus.sk\/#organization","name":"svpplus.sk","url":"https:\/\/svpplus.sk\/","logo":{"@type":"ImageObject","inLanguage":"sk-SK","@id":"https:\/\/svpplus.sk\/#\/schema\/logo\/image\/","url":"https:\/\/svpplus.sk\/wp-content\/uploads\/2022\/06\/cropped-ikonaaa.png","contentUrl":"https:\/\/svpplus.sk\/wp-content\/uploads\/2022\/06\/cropped-ikonaaa.png","width":512,"height":512,"caption":"svpplus.sk"},"image":{"@id":"https:\/\/svpplus.sk\/#\/schema\/logo\/image\/"}}]}},"_links":{"self":[{"href":"https:\/\/svpplus.sk\/index.php\/wp-json\/wp\/v2\/pages\/458"}],"collection":[{"href":"https:\/\/svpplus.sk\/index.php\/wp-json\/wp\/v2\/pages"}],"about":[{"href":"https:\/\/svpplus.sk\/index.php\/wp-json\/wp\/v2\/types\/page"}],"author":[{"embeddable":true,"href":"https:\/\/svpplus.sk\/index.php\/wp-json\/wp\/v2\/users\/1"}],"replies":[{"embeddable":true,"href":"https:\/\/svpplus.sk\/index.php\/wp-json\/wp\/v2\/comments?post=458"}],"version-history":[{"count":6,"href":"https:\/\/svpplus.sk\/index.php\/wp-json\/wp\/v2\/pages\/458\/revisions"}],"predecessor-version":[{"id":1949,"href":"https:\/\/svpplus.sk\/index.php\/wp-json\/wp\/v2\/pages\/458\/revisions\/1949"}],"wp:attachment":[{"href":"https:\/\/svpplus.sk\/index.php\/wp-json\/wp\/v2\/media?parent=458"}],"curies":[{"name":"wp","href":"https:\/\/api.w.org\/{rel}","templated":true}]}}