{"id":454,"date":"2020-01-23T18:21:52","date_gmt":"2020-01-23T18:21:52","guid":{"rendered":"https:\/\/demosites.io\/web-agency-gb\/?page_id=61"},"modified":"2024-01-23T20:38:57","modified_gmt":"2024-01-23T19:38:57","slug":"15c42-web-agency-gb-about-us-2","status":"publish","type":"page","link":"https:\/\/svpplus.sk\/index.php\/15c42-web-agency-gb-about-us-2\/","title":{"rendered":"O n\u00e1s"},"content":{"rendered":"\n<div class=\"wp-block-cover alignfull\" style=\"min-height:600px\"><span aria-hidden=\"true\" class=\"wp-block-cover__background has-nv-site-bg-background-color has-background-dim-100 has-background-dim\"><\/span><div class=\"wp-block-cover__inner-container\">\n<div style=\"height:60px\" aria-hidden=\"true\" class=\"wp-block-spacer\"><\/div>\n\n\n\n<div class=\"is-nowrap is-layout-flex wp-container-4 wp-block-group\">\n<div style=\"height:80px\" aria-hidden=\"true\" class=\"wp-block-spacer\"><\/div>\n\n\n\n<div class=\"is-layout-flex wp-container-3 wp-block-columns\">\n<div class=\"is-layout-flow wp-block-column is-vertically-aligned-top\" style=\"flex-basis:50%\">\n<figure class=\"wp-block-image size-full is-resized animated zoomIn\"><img decoding=\"async\" loading=\"lazy\" src=\"http:\/\/svpplus.sk\/wp-content\/uploads\/2022\/06\/cropped-ikonaaa.png\" alt=\"\" class=\"wp-image-356\" width=\"500\" height=\"500\" srcset=\"https:\/\/svpplus.sk\/wp-content\/uploads\/2022\/06\/cropped-ikonaaa.png 512w, https:\/\/svpplus.sk\/wp-content\/uploads\/2022\/06\/cropped-ikonaaa-300x300.png 300w, https:\/\/svpplus.sk\/wp-content\/uploads\/2022\/06\/cropped-ikonaaa-150x150.png 150w, https:\/\/svpplus.sk\/wp-content\/uploads\/2022\/06\/cropped-ikonaaa-270x270.png 270w, https:\/\/svpplus.sk\/wp-content\/uploads\/2022\/06\/cropped-ikonaaa-192x192.png 192w, https:\/\/svpplus.sk\/wp-content\/uploads\/2022\/06\/cropped-ikonaaa-180x180.png 180w, https:\/\/svpplus.sk\/wp-content\/uploads\/2022\/06\/cropped-ikonaaa-32x32.png 32w\" sizes=\"(max-width: 500px) 100vw, 500px\" \/><\/figure>\n<\/div>\n\n\n\n<div class=\"is-layout-flow wp-block-column is-vertically-aligned-center\" style=\"flex-basis:50%\">\n<p class=\"animated bounceInRight has-neve-text-color-color has-text-color has-medium-font-size\" style=\"font-style:normal;font-weight:200\">SVP je skratkou za\u010diato\u010dn\u00fdch p\u00edsmen pre STAVEBN\u00c9 a V\u00dd\u0160KOV\u00c9 PR\u00c1CE. PLUS predstavuje pridan\u00fa hodnotu bu\u010f vo forme benefitu, z\u013eavy, alebo pr\u00edstupe smerom k svojim klientom a partnerom.<\/p>\n\n\n\n<p class=\"animated bounceInRight has-neve-text-color-color has-text-color has-medium-font-size\" style=\"font-style:normal;font-weight:200\">SPO\u013dAHLIVOS\u0164, V\u00ddKON a PROFESIONALITA. To s\u00fa hodnoty, o ktor\u00e9 sa opierame v na\u0161om podnikan\u00ed. Ich vz\u00e1jomn\u00e9 prepojenie m\u00e1 v\u00fdrazn\u00fd dopad na fin\u00e1lny produkt, v na\u0161om pr\u00edpade kvalitne odveden\u00fa pr\u00e1cu. Klient sa m\u00f4\u017ee spo\u013eahn\u00fa\u0165, \u017ee pod\u00e1me adekv\u00e1tny v\u00fdkon na profesion\u00e1lnej \u00farovni.<\/p>\n\n\n\n<div id=\"wp-block-themeisle-blocks-icon-list-ae276355\" class=\"wp-block-themeisle-blocks-icon-list\"><\/div>\n<\/div>\n<\/div>\n\n\n\n<div style=\"height:40px\" aria-hidden=\"true\" class=\"wp-block-spacer\"><\/div>\n<\/div>\n\n\n\n<div style=\"height:60px\" aria-hidden=\"true\" class=\"wp-block-spacer\"><\/div>\n<\/div><\/div>\n\n\n\n<div class=\"wp-block-cover alignfull\" style=\"min-height:600px\"><span aria-hidden=\"true\" class=\"wp-block-cover__background has-neve-text-color-background-color has-background-dim-100 has-background-dim\"><\/span><div class=\"wp-block-cover__inner-container\">\n<div style=\"height:60px\" aria-hidden=\"true\" class=\"wp-block-spacer\"><\/div>\n\n\n\n<div class=\"is-nowrap is-layout-flex wp-container-9 wp-block-group\">\n<div style=\"height:80px\" aria-hidden=\"true\" class=\"wp-block-spacer\"><\/div>\n\n\n\n<div class=\"is-layout-flex wp-container-8 wp-block-columns are-vertically-aligned-top\">\n<div class=\"is-layout-flow wp-block-column is-vertically-aligned-top\" style=\"flex-basis:50%\">\n<p class=\"animated bounceInLeft has-nv-site-bg-color has-text-color has-medium-font-size\" style=\"font-style:normal;font-weight:200\">SVP PLUS s.r.o. bola zalo\u017een\u00e1 v roku 2020. Plynule nadviazala na predch\u00e1dzaj\u00facu podnikate\u013esk\u00fa \u010dinnos\u0165 konate\u013ea, ktor\u00fd ako SZ\u010cO, od roku 2000, s prest\u00e1vkami, doma aj v zahrani\u010d\u00ed pracoval na mnoh\u00fdch projektoch v oblasti realiz\u00e1cie stavebn\u00fdch, mont\u00e1\u017enych a v\u00fd\u0161kov\u00fdch pr\u00e1c.<\/p>\n\n\n\n<p class=\"animated bounceInLeft has-neve-link-color-color has-text-color has-medium-font-size\" style=\"font-style:normal;font-weight:200\">SVP PLUS s.r.o. je spo\u013eahliv\u00fdm poskytovate\u013eom slu\u017eieb v oblasti stavebn\u00fdch a v\u00fd\u0161kov\u00fdch pr\u00e1c, ktor\u00e9 vykon\u00e1va na profesion\u00e1lnej \u00farovni. V dohodnutom term\u00edne, dohodnut\u00fd objem pr\u00e1c, pri dodr\u017ean\u00ed technologick\u00fdch postupov.<\/p>\n\n\n\n<div style=\"height:20px\" aria-hidden=\"true\" class=\"wp-block-spacer\"><\/div>\n\n\n\n<div class=\"is-content-justification-center is-layout-flex wp-container-5 wp-block-buttons\">\n<div class=\"wp-block-button is-style-primary\"><a class=\"wp-block-button__link wp-element-button\" href=\" svpplus.sk\/index.php\/15c42-web-agency-gb-contact-us-2\/\">KONTAKT<\/a><\/div>\n<\/div>\n\n\n\n<div style=\"height:20px\" aria-hidden=\"true\" class=\"wp-block-spacer\"><\/div>\n<\/div>\n\n\n\n<div class=\"is-layout-flow wp-block-column is-vertically-aligned-top\" style=\"flex-basis:50%\">\n<figure class=\"wp-block-image size-large is-resized animated bounceInRight\" id=\"wp-block-themeisle-blocks-image-0393807e\"><img decoding=\"async\" loading=\"lazy\" src=\"https:\/\/svpplus.sk\/wp-content\/uploads\/2023\/02\/IMG-20230209-WA0000-edited.jpg\" alt=\"\" class=\"wp-image-1236\" width=\"500\" height=\"500\" srcset=\"https:\/\/svpplus.sk\/wp-content\/uploads\/2023\/02\/IMG-20230209-WA0000-edited.jpg 1200w, https:\/\/svpplus.sk\/wp-content\/uploads\/2023\/02\/IMG-20230209-WA0000-edited-300x300.jpg 300w, https:\/\/svpplus.sk\/wp-content\/uploads\/2023\/02\/IMG-20230209-WA0000-edited-1024x1024.jpg 1024w, https:\/\/svpplus.sk\/wp-content\/uploads\/2023\/02\/IMG-20230209-WA0000-edited-150x150.jpg 150w, https:\/\/svpplus.sk\/wp-content\/uploads\/2023\/02\/IMG-20230209-WA0000-edited-768x768.jpg 768w\" sizes=\"(max-width: 500px) 100vw, 500px\" \/><\/figure>\n<\/div>\n<\/div>\n\n\n\n<div style=\"height:40px\" aria-hidden=\"true\" class=\"wp-block-spacer\"><\/div>\n<\/div>\n\n\n\n<div style=\"height:60px\" aria-hidden=\"true\" class=\"wp-block-spacer\"><\/div>\n<\/div><\/div>\n","protected":false},"excerpt":{"rendered":"","protected":false},"author":1,"featured_media":0,"parent":0,"menu_order":0,"comment_status":"closed","ping_status":"closed","template":"","meta":{"_mi_skip_tracking":false,"neve_meta_sidebar":"default","neve_meta_container":"default","neve_meta_enable_content_width":"on","neve_meta_content_width":100,"neve_meta_title_alignment":"","neve_meta_author_avatar":"","neve_post_elements_order":"","neve_meta_disable_header":"","neve_meta_disable_footer":"","neve_meta_disable_title":"on","_themeisle_gutenberg_block_has_review":false,"_ti_tpc_template_sync":false,"_ti_tpc_template_id":"0qhau2t6eoekosrgo1a2"},"yoast_head":"<!-- This site is optimized with the Yoast SEO plugin v20.0 - https:\/\/yoast.com\/wordpress\/plugins\/seo\/ -->\n<title>O n\u00e1s - svpplus.sk<\/title>\n<meta name=\"robots\" content=\"index, follow, max-snippet:-1, max-image-preview:large, max-video-preview:-1\" \/>\n<link rel=\"canonical\" href=\"https:\/\/svpplus.sk\/index.php\/15c42-web-agency-gb-about-us-2\/\" \/>\n<meta property=\"og:locale\" content=\"sk_SK\" \/>\n<meta property=\"og:type\" content=\"article\" \/>\n<meta property=\"og:title\" content=\"O n\u00e1s - svpplus.sk\" \/>\n<meta property=\"og:url\" content=\"https:\/\/svpplus.sk\/index.php\/15c42-web-agency-gb-about-us-2\/\" \/>\n<meta property=\"og:site_name\" content=\"svpplus.sk\" \/>\n<meta property=\"article:modified_time\" content=\"2024-01-23T19:38:57+00:00\" \/>\n<meta property=\"og:image\" content=\"http:\/\/svpplus.sk\/wp-content\/uploads\/2022\/06\/cropped-ikonaaa.png\" \/>\n<meta name=\"twitter:card\" content=\"summary_large_image\" \/>\n<meta name=\"twitter:label1\" content=\"Predpokladan\u00fd \u010das \u010d\u00edtania\" \/>\n\t<meta name=\"twitter:data1\" content=\"2 min\u00faty\" \/>\n<script type=\"application\/ld+json\" class=\"yoast-schema-graph\">{\"@context\":\"https:\/\/schema.org\",\"@graph\":[{\"@type\":\"WebPage\",\"@id\":\"https:\/\/svpplus.sk\/index.php\/15c42-web-agency-gb-about-us-2\/\",\"url\":\"https:\/\/svpplus.sk\/index.php\/15c42-web-agency-gb-about-us-2\/\",\"name\":\"O n\u00e1s - svpplus.sk\",\"isPartOf\":{\"@id\":\"https:\/\/svpplus.sk\/#website\"},\"datePublished\":\"2020-01-23T18:21:52+00:00\",\"dateModified\":\"2024-01-23T19:38:57+00:00\",\"breadcrumb\":{\"@id\":\"https:\/\/svpplus.sk\/index.php\/15c42-web-agency-gb-about-us-2\/#breadcrumb\"},\"inLanguage\":\"sk-SK\",\"potentialAction\":[{\"@type\":\"ReadAction\",\"target\":[\"https:\/\/svpplus.sk\/index.php\/15c42-web-agency-gb-about-us-2\/\"]}]},{\"@type\":\"BreadcrumbList\",\"@id\":\"https:\/\/svpplus.sk\/index.php\/15c42-web-agency-gb-about-us-2\/#breadcrumb\",\"itemListElement\":[{\"@type\":\"ListItem\",\"position\":1,\"name\":\"Home\",\"item\":\"https:\/\/svpplus.sk\/\"},{\"@type\":\"ListItem\",\"position\":2,\"name\":\"O n\u00e1s\"}]},{\"@type\":\"WebSite\",\"@id\":\"https:\/\/svpplus.sk\/#website\",\"url\":\"https:\/\/svpplus.sk\/\",\"name\":\"svpplus.sk\",\"description\":\"v\u00fd\u0161kov\u00e9 pr\u00e1ce v Bratislave\",\"publisher\":{\"@id\":\"https:\/\/svpplus.sk\/#organization\"},\"potentialAction\":[{\"@type\":\"SearchAction\",\"target\":{\"@type\":\"EntryPoint\",\"urlTemplate\":\"https:\/\/svpplus.sk\/?s={search_term_string}\"},\"query-input\":\"required name=search_term_string\"}],\"inLanguage\":\"sk-SK\"},{\"@type\":\"Organization\",\"@id\":\"https:\/\/svpplus.sk\/#organization\",\"name\":\"svpplus.sk\",\"url\":\"https:\/\/svpplus.sk\/\",\"logo\":{\"@type\":\"ImageObject\",\"inLanguage\":\"sk-SK\",\"@id\":\"https:\/\/svpplus.sk\/#\/schema\/logo\/image\/\",\"url\":\"https:\/\/svpplus.sk\/wp-content\/uploads\/2022\/06\/cropped-ikonaaa.png\",\"contentUrl\":\"https:\/\/svpplus.sk\/wp-content\/uploads\/2022\/06\/cropped-ikonaaa.png\",\"width\":512,\"height\":512,\"caption\":\"svpplus.sk\"},\"image\":{\"@id\":\"https:\/\/svpplus.sk\/#\/schema\/logo\/image\/\"}}]}<\/script>\n<!-- \/ Yoast SEO plugin. -->","yoast_head_json":{"title":"O n\u00e1s - svpplus.sk","robots":{"index":"index","follow":"follow","max-snippet":"max-snippet:-1","max-image-preview":"max-image-preview:large","max-video-preview":"max-video-preview:-1"},"canonical":"https:\/\/svpplus.sk\/index.php\/15c42-web-agency-gb-about-us-2\/","og_locale":"sk_SK","og_type":"article","og_title":"O n\u00e1s - svpplus.sk","og_url":"https:\/\/svpplus.sk\/index.php\/15c42-web-agency-gb-about-us-2\/","og_site_name":"svpplus.sk","article_modified_time":"2024-01-23T19:38:57+00:00","og_image":[{"url":"http:\/\/svpplus.sk\/wp-content\/uploads\/2022\/06\/cropped-ikonaaa.png"}],"twitter_card":"summary_large_image","twitter_misc":{"Predpokladan\u00fd \u010das \u010d\u00edtania":"2 min\u00faty"},"schema":{"@context":"https:\/\/schema.org","@graph":[{"@type":"WebPage","@id":"https:\/\/svpplus.sk\/index.php\/15c42-web-agency-gb-about-us-2\/","url":"https:\/\/svpplus.sk\/index.php\/15c42-web-agency-gb-about-us-2\/","name":"O n\u00e1s - svpplus.sk","isPartOf":{"@id":"https:\/\/svpplus.sk\/#website"},"datePublished":"2020-01-23T18:21:52+00:00","dateModified":"2024-01-23T19:38:57+00:00","breadcrumb":{"@id":"https:\/\/svpplus.sk\/index.php\/15c42-web-agency-gb-about-us-2\/#breadcrumb"},"inLanguage":"sk-SK","potentialAction":[{"@type":"ReadAction","target":["https:\/\/svpplus.sk\/index.php\/15c42-web-agency-gb-about-us-2\/"]}]},{"@type":"BreadcrumbList","@id":"https:\/\/svpplus.sk\/index.php\/15c42-web-agency-gb-about-us-2\/#breadcrumb","itemListElement":[{"@type":"ListItem","position":1,"name":"Home","item":"https:\/\/svpplus.sk\/"},{"@type":"ListItem","position":2,"name":"O n\u00e1s"}]},{"@type":"WebSite","@id":"https:\/\/svpplus.sk\/#website","url":"https:\/\/svpplus.sk\/","name":"svpplus.sk","description":"v\u00fd\u0161kov\u00e9 pr\u00e1ce v Bratislave","publisher":{"@id":"https:\/\/svpplus.sk\/#organization"},"potentialAction":[{"@type":"SearchAction","target":{"@type":"EntryPoint","urlTemplate":"https:\/\/svpplus.sk\/?s={search_term_string}"},"query-input":"required name=search_term_string"}],"inLanguage":"sk-SK"},{"@type":"Organization","@id":"https:\/\/svpplus.sk\/#organization","name":"svpplus.sk","url":"https:\/\/svpplus.sk\/","logo":{"@type":"ImageObject","inLanguage":"sk-SK","@id":"https:\/\/svpplus.sk\/#\/schema\/logo\/image\/","url":"https:\/\/svpplus.sk\/wp-content\/uploads\/2022\/06\/cropped-ikonaaa.png","contentUrl":"https:\/\/svpplus.sk\/wp-content\/uploads\/2022\/06\/cropped-ikonaaa.png","width":512,"height":512,"caption":"svpplus.sk"},"image":{"@id":"https:\/\/svpplus.sk\/#\/schema\/logo\/image\/"}}]}},"_links":{"self":[{"href":"https:\/\/svpplus.sk\/index.php\/wp-json\/wp\/v2\/pages\/454"}],"collection":[{"href":"https:\/\/svpplus.sk\/index.php\/wp-json\/wp\/v2\/pages"}],"about":[{"href":"https:\/\/svpplus.sk\/index.php\/wp-json\/wp\/v2\/types\/page"}],"author":[{"embeddable":true,"href":"https:\/\/svpplus.sk\/index.php\/wp-json\/wp\/v2\/users\/1"}],"replies":[{"embeddable":true,"href":"https:\/\/svpplus.sk\/index.php\/wp-json\/wp\/v2\/comments?post=454"}],"version-history":[{"count":6,"href":"https:\/\/svpplus.sk\/index.php\/wp-json\/wp\/v2\/pages\/454\/revisions"}],"predecessor-version":[{"id":1792,"href":"https:\/\/svpplus.sk\/index.php\/wp-json\/wp\/v2\/pages\/454\/revisions\/1792"}],"wp:attachment":[{"href":"https:\/\/svpplus.sk\/index.php\/wp-json\/wp\/v2\/media?parent=454"}],"curies":[{"name":"wp","href":"https:\/\/api.w.org\/{rel}","templated":true}]}}