{"id":451,"date":"2020-01-13T11:17:52","date_gmt":"2020-01-13T11:17:52","guid":{"rendered":"https:\/\/demosites.io\/web-agency-gb\/?page_id=5"},"modified":"2025-07-29T17:44:47","modified_gmt":"2025-07-29T15:44:47","slug":"vyskove-prace","status":"publish","type":"page","link":"https:\/\/svpplus.sk\/","title":{"rendered":"Domov"},"content":{"rendered":"\n<div id=\"wp-block-themeisle-blocks-advanced-columns-a2946a77\" class=\"wp-block-themeisle-blocks-advanced-columns alignfull has-2-columns has-desktop-equal-layout has-tablet-equal-layout has-mobile-collapsedRows-layout has-vertical-center ticss-a2946a77 zoomIn animated\"><div class=\"wp-block-themeisle-blocks-advanced-columns-overlay\"><\/div><div class=\"innerblocks-wrap\">\n<div id=\"wp-block-themeisle-blocks-advanced-column-bbddf55b\" class=\"wp-block-themeisle-blocks-advanced-column\">\n<figure class=\"wp-block-image size-large animated zoomIn\" id=\"wp-block-themeisle-blocks-image-0cbbafdf\"><img decoding=\"async\" loading=\"lazy\" width=\"632\" height=\"1024\" src=\"https:\/\/svpplus.sk\/wp-content\/uploads\/2025\/05\/svp-plus-l-z-1-632x1024.jpg\" alt=\"\" class=\"wp-image-1930\" srcset=\"https:\/\/svpplus.sk\/wp-content\/uploads\/2025\/05\/svp-plus-l-z-1-632x1024.jpg 632w, https:\/\/svpplus.sk\/wp-content\/uploads\/2025\/05\/svp-plus-l-z-1-185x300.jpg 185w, https:\/\/svpplus.sk\/wp-content\/uploads\/2025\/05\/svp-plus-l-z-1-768x1245.jpg 768w, https:\/\/svpplus.sk\/wp-content\/uploads\/2025\/05\/svp-plus-l-z-1.jpg 816w\" sizes=\"(max-width: 632px) 100vw, 632px\" \/><\/figure>\n<\/div>\n\n\n\n<div id=\"wp-block-themeisle-blocks-advanced-column-92b2db05\" class=\"wp-block-themeisle-blocks-advanced-column animated zoomIn\">\n<div style=\"height:30px\" aria-hidden=\"true\" class=\"wp-block-spacer\"><\/div>\n\n\n\n<h1 id=\"wp-block-themeisle-blocks-advanced-heading-8f1f2647\" class=\"wp-block-themeisle-blocks-advanced-heading wp-block-themeisle-blocks-advanced-heading-8f1f2647 zoomIn\">V\u00fd\u0161kov\u00e9 pr\u00e1ce <\/h1>\n\n\n\n<p class=\"animated zoomIn has-nv-site-bg-color has-text-color has-medium-font-size\">S pou\u017eit\u00edm l\u00e1n a horolezeckej techniky pracujeme na inak nepr\u00edstupn\u00fdch miestach. Zla\u0148ujeme fas\u00e1dy, lezieme po strech\u00e1ch a kon\u0161trukci\u00e1ch, vis\u00edme nad vo\u013enou h\u013abkou&#8230;<\/p>\n\n\n\n<p><\/p>\n\n\n\n<p class=\"animated zoomIn has-nv-site-bg-color has-text-color has-medium-font-size\">Um\u00fdvame okn\u00e1, \u010dist\u00edme vysokotlakovou vodou, natierame, opravujeme, tmel\u00edme, kontrolujeme technick\u00fd stav fas\u00e1d a striech, montujeme, demontujeme&#8230;<\/p>\n\n\n\n<div class=\"is-layout-flex wp-block-buttons\"><\/div>\n<\/div>\n<\/div><\/div>\n\n\n\n<div class=\"wp-block-cover aligncenter\" style=\"min-height:188px\"><span aria-hidden=\"true\" class=\"wp-block-cover__background has-nv-site-bg-background-color has-background-dim-100 has-background-dim\"><\/span><div class=\"wp-block-cover__inner-container\">\n<div style=\"height:25px\" aria-hidden=\"true\" class=\"wp-block-spacer\"><\/div>\n\n\n\n<p class=\"has-text-align-center animated zoomIn ticss-0676e957 has-nv-dark-bg-color has-text-color has-medium-font-size\" id=\"kontakt-uvod\">Telef\u00f3n: 0903 433 685<br>e-mail: info@svpplus.sk<\/p>\n<\/div><\/div>\n\n\n\n<div class=\"wp-block-cover\" style=\"min-height:259px\"><span aria-hidden=\"true\" class=\"wp-block-cover__background has-neve-text-color-background-color has-background-dim-100 has-background-dim\"><\/span><div class=\"wp-block-cover__inner-container\">\n<div style=\"height:30px\" aria-hidden=\"true\" class=\"wp-block-spacer\"><\/div>\n\n\n\n<div class=\"is-layout-flex wp-container-7 wp-block-columns\">\n<div class=\"is-layout-flow wp-block-column\">\n<figure class=\"wp-block-image size-large animated zoomIn\" id=\"wp-block-themeisle-blocks-image-a4cdf6bd\"><img decoding=\"async\" loading=\"lazy\" width=\"1024\" height=\"455\" src=\"https:\/\/svpplus.sk\/wp-content\/uploads\/2023\/02\/u1-1-1024x455.jpg\" alt=\"Mont\u00e1\u017ene a demont\u00e1\u017ene pr\u00e1ce vo v\u00fd\u0161kach\" class=\"wp-image-1341\" srcset=\"https:\/\/svpplus.sk\/wp-content\/uploads\/2023\/02\/u1-1-1024x455.jpg 1024w, https:\/\/svpplus.sk\/wp-content\/uploads\/2023\/02\/u1-1-300x133.jpg 300w, https:\/\/svpplus.sk\/wp-content\/uploads\/2023\/02\/u1-1-768x342.jpg 768w, https:\/\/svpplus.sk\/wp-content\/uploads\/2023\/02\/u1-1.jpg 1250w\" sizes=\"(max-width: 1024px) 100vw, 1024px\" \/><\/figure>\n<\/div>\n\n\n\n<div class=\"is-layout-flow wp-block-column\">\n<figure class=\"wp-block-image size-large animated zoomIn\" id=\"wp-block-themeisle-blocks-image-f1299803\"><img decoding=\"async\" loading=\"lazy\" width=\"1024\" height=\"455\" src=\"https:\/\/svpplus.sk\/wp-content\/uploads\/2023\/02\/u2-1-1024x455.jpg\" alt=\"ta\u017eko rie\u0161ite\u013en\u00e9 pr\u00edstupy\" class=\"wp-image-1343\" srcset=\"https:\/\/svpplus.sk\/wp-content\/uploads\/2023\/02\/u2-1-1024x455.jpg 1024w, https:\/\/svpplus.sk\/wp-content\/uploads\/2023\/02\/u2-1-300x133.jpg 300w, https:\/\/svpplus.sk\/wp-content\/uploads\/2023\/02\/u2-1-768x342.jpg 768w, https:\/\/svpplus.sk\/wp-content\/uploads\/2023\/02\/u2-1.jpg 1250w\" sizes=\"(max-width: 1024px) 100vw, 1024px\" \/><\/figure>\n<\/div>\n\n\n\n<div class=\"is-layout-flow wp-block-column\">\n<figure class=\"wp-block-image size-large animated zoomIn\" id=\"wp-block-themeisle-blocks-image-e47120c2\"><img decoding=\"async\" loading=\"lazy\" width=\"1024\" height=\"455\" src=\"https:\/\/svpplus.sk\/wp-content\/uploads\/2025\/07\/20250319_133200-1024x455.jpg\" alt=\"\" class=\"wp-image-1939\" srcset=\"https:\/\/svpplus.sk\/wp-content\/uploads\/2025\/07\/20250319_133200-1024x455.jpg 1024w, https:\/\/svpplus.sk\/wp-content\/uploads\/2025\/07\/20250319_133200-300x133.jpg 300w, https:\/\/svpplus.sk\/wp-content\/uploads\/2025\/07\/20250319_133200-768x341.jpg 768w, https:\/\/svpplus.sk\/wp-content\/uploads\/2025\/07\/20250319_133200-1536x683.jpg 1536w, https:\/\/svpplus.sk\/wp-content\/uploads\/2025\/07\/20250319_133200-2048x910.jpg 2048w\" sizes=\"(max-width: 1024px) 100vw, 1024px\" \/><\/figure>\n<\/div>\n\n\n\n<div class=\"is-layout-flow wp-block-column\">\n<figure class=\"wp-block-image size-large animated zoomIn\" id=\"wp-block-themeisle-blocks-image-f570d599\"><img decoding=\"async\" loading=\"lazy\" width=\"1024\" height=\"455\" src=\"https:\/\/svpplus.sk\/wp-content\/uploads\/2023\/02\/u4-1-1024x455.jpg\" alt=\"\u010distenie fas\u00e1d. um\u00fdvanie bytov\u00fdch domov\" class=\"wp-image-1345\" srcset=\"https:\/\/svpplus.sk\/wp-content\/uploads\/2023\/02\/u4-1-1024x455.jpg 1024w, https:\/\/svpplus.sk\/wp-content\/uploads\/2023\/02\/u4-1-300x133.jpg 300w, https:\/\/svpplus.sk\/wp-content\/uploads\/2023\/02\/u4-1-768x342.jpg 768w, https:\/\/svpplus.sk\/wp-content\/uploads\/2023\/02\/u4-1.jpg 1250w\" sizes=\"(max-width: 1024px) 100vw, 1024px\" \/><\/figure>\n<\/div>\n\n\n\n<div class=\"is-layout-flow wp-block-column\">\n<figure class=\"wp-block-image size-large animated zoomIn\" id=\"wp-block-themeisle-blocks-image-24c7b0e2\"><img decoding=\"async\" loading=\"lazy\" width=\"1024\" height=\"455\" src=\"https:\/\/svpplus.sk\/wp-content\/uploads\/2023\/02\/u5-1-1024x455.jpg\" alt=\"n\u00e1ter kon\u0161trukci\u00ed, n\u00e1ter bytov\u00e9ho domu, n\u00e1ter domu\" class=\"wp-image-1346\" srcset=\"https:\/\/svpplus.sk\/wp-content\/uploads\/2023\/02\/u5-1-1024x455.jpg 1024w, https:\/\/svpplus.sk\/wp-content\/uploads\/2023\/02\/u5-1-300x133.jpg 300w, https:\/\/svpplus.sk\/wp-content\/uploads\/2023\/02\/u5-1-768x342.jpg 768w, https:\/\/svpplus.sk\/wp-content\/uploads\/2023\/02\/u5-1.jpg 1250w\" sizes=\"(max-width: 1024px) 100vw, 1024px\" \/><\/figure>\n<\/div>\n<\/div>\n<\/div><\/div>\n","protected":false},"excerpt":{"rendered":"","protected":false},"author":1,"featured_media":1763,"parent":0,"menu_order":0,"comment_status":"closed","ping_status":"closed","template":"","meta":{"_mi_skip_tracking":false,"neve_meta_sidebar":"default","neve_meta_container":"full-width","neve_meta_enable_content_width":"on","neve_meta_content_width":100,"neve_meta_title_alignment":"left","neve_meta_author_avatar":"","neve_post_elements_order":"","neve_meta_disable_header":"","neve_meta_disable_footer":"","neve_meta_disable_title":"on","_themeisle_gutenberg_block_has_review":false,"_ti_tpc_template_sync":false,"_ti_tpc_template_id":"5udqur826ojgsxrmsxsc"},"yoast_head":"<!-- This site is optimized with the Yoast SEO plugin v20.0 - https:\/\/yoast.com\/wordpress\/plugins\/seo\/ -->\n<title>V\u00fd\u0161kov\u00e9 pr\u00e1ce | Bratislava<\/title>\n<meta name=\"description\" content=\"V\u00fd\u0161kov\u00e9 pr\u00e1ce Bratislava. Oprava a n\u00e1ter fas\u00e1d, striech a kon\u0161trukci\u00ed. Maliarske pr\u00e1ce. Vysokotlakov\u00e9 \u010distenie. Starostlivos\u0165 o stromy\" \/>\n<meta name=\"robots\" content=\"index, follow, max-snippet:-1, max-image-preview:large, max-video-preview:-1\" \/>\n<link rel=\"canonical\" href=\"https:\/\/svpplus.sk\/\" \/>\n<meta property=\"og:locale\" content=\"sk_SK\" \/>\n<meta property=\"og:type\" content=\"article\" \/>\n<meta property=\"og:title\" content=\"V\u00fd\u0161kov\u00e9 pr\u00e1ce | Bratislava\" \/>\n<meta property=\"og:description\" content=\"V\u00fd\u0161kov\u00e9 pr\u00e1ce Bratislava. Oprava a n\u00e1ter fas\u00e1d, striech a kon\u0161trukci\u00ed. Maliarske pr\u00e1ce. Vysokotlakov\u00e9 \u010distenie. Starostlivos\u0165 o stromy\" \/>\n<meta property=\"og:url\" content=\"https:\/\/svpplus.sk\/\" \/>\n<meta property=\"og:site_name\" content=\"svpplus.sk\" \/>\n<meta property=\"article:modified_time\" content=\"2025-07-29T15:44:47+00:00\" \/>\n<meta property=\"og:image\" content=\"http:\/\/svpplus.sk\/wp-content\/uploads\/2025\/01\/20241029_1303202m-1-scaled.jpg\" \/>\n\t<meta property=\"og:image:width\" content=\"1405\" \/>\n\t<meta property=\"og:image:height\" content=\"2560\" \/>\n\t<meta property=\"og:image:type\" content=\"image\/jpeg\" \/>\n<meta name=\"twitter:card\" content=\"summary_large_image\" \/>\n<meta name=\"twitter:label1\" content=\"Predpokladan\u00fd \u010das \u010d\u00edtania\" \/>\n\t<meta name=\"twitter:data1\" content=\"2 min\u00faty\" \/>\n<script type=\"application\/ld+json\" class=\"yoast-schema-graph\">{\"@context\":\"https:\/\/schema.org\",\"@graph\":[{\"@type\":\"WebPage\",\"@id\":\"https:\/\/svpplus.sk\/\",\"url\":\"https:\/\/svpplus.sk\/\",\"name\":\"V\u00fd\u0161kov\u00e9 pr\u00e1ce | Bratislava\",\"isPartOf\":{\"@id\":\"https:\/\/svpplus.sk\/#website\"},\"datePublished\":\"2020-01-13T11:17:52+00:00\",\"dateModified\":\"2025-07-29T15:44:47+00:00\",\"description\":\"V\u00fd\u0161kov\u00e9 pr\u00e1ce Bratislava. Oprava a n\u00e1ter fas\u00e1d, striech a kon\u0161trukci\u00ed. Maliarske pr\u00e1ce. Vysokotlakov\u00e9 \u010distenie. Starostlivos\u0165 o stromy\",\"breadcrumb\":{\"@id\":\"https:\/\/svpplus.sk\/#breadcrumb\"},\"inLanguage\":\"sk-SK\",\"potentialAction\":[{\"@type\":\"ReadAction\",\"target\":[\"https:\/\/svpplus.sk\/\"]}]},{\"@type\":\"BreadcrumbList\",\"@id\":\"https:\/\/svpplus.sk\/#breadcrumb\",\"itemListElement\":[{\"@type\":\"ListItem\",\"position\":1,\"name\":\"Home\",\"item\":\"https:\/\/svpplus.sk\/\"},{\"@type\":\"ListItem\",\"position\":2,\"name\":\"Domov\"}]},{\"@type\":\"WebSite\",\"@id\":\"https:\/\/svpplus.sk\/#website\",\"url\":\"https:\/\/svpplus.sk\/\",\"name\":\"svpplus.sk\",\"description\":\"v\u00fd\u0161kov\u00e9 pr\u00e1ce v Bratislave\",\"publisher\":{\"@id\":\"https:\/\/svpplus.sk\/#organization\"},\"potentialAction\":[{\"@type\":\"SearchAction\",\"target\":{\"@type\":\"EntryPoint\",\"urlTemplate\":\"https:\/\/svpplus.sk\/?s={search_term_string}\"},\"query-input\":\"required name=search_term_string\"}],\"inLanguage\":\"sk-SK\"},{\"@type\":\"Organization\",\"@id\":\"https:\/\/svpplus.sk\/#organization\",\"name\":\"svpplus.sk\",\"url\":\"https:\/\/svpplus.sk\/\",\"logo\":{\"@type\":\"ImageObject\",\"inLanguage\":\"sk-SK\",\"@id\":\"https:\/\/svpplus.sk\/#\/schema\/logo\/image\/\",\"url\":\"https:\/\/svpplus.sk\/wp-content\/uploads\/2022\/06\/cropped-ikonaaa.png\",\"contentUrl\":\"https:\/\/svpplus.sk\/wp-content\/uploads\/2022\/06\/cropped-ikonaaa.png\",\"width\":512,\"height\":512,\"caption\":\"svpplus.sk\"},\"image\":{\"@id\":\"https:\/\/svpplus.sk\/#\/schema\/logo\/image\/\"}}]}<\/script>\n<!-- \/ Yoast SEO plugin. -->","yoast_head_json":{"title":"V\u00fd\u0161kov\u00e9 pr\u00e1ce | Bratislava","description":"V\u00fd\u0161kov\u00e9 pr\u00e1ce Bratislava. Oprava a n\u00e1ter fas\u00e1d, striech a kon\u0161trukci\u00ed. Maliarske pr\u00e1ce. Vysokotlakov\u00e9 \u010distenie. Starostlivos\u0165 o stromy","robots":{"index":"index","follow":"follow","max-snippet":"max-snippet:-1","max-image-preview":"max-image-preview:large","max-video-preview":"max-video-preview:-1"},"canonical":"https:\/\/svpplus.sk\/","og_locale":"sk_SK","og_type":"article","og_title":"V\u00fd\u0161kov\u00e9 pr\u00e1ce | Bratislava","og_description":"V\u00fd\u0161kov\u00e9 pr\u00e1ce Bratislava. Oprava a n\u00e1ter fas\u00e1d, striech a kon\u0161trukci\u00ed. Maliarske pr\u00e1ce. Vysokotlakov\u00e9 \u010distenie. Starostlivos\u0165 o stromy","og_url":"https:\/\/svpplus.sk\/","og_site_name":"svpplus.sk","article_modified_time":"2025-07-29T15:44:47+00:00","og_image":[{"width":1405,"height":2560,"url":"http:\/\/svpplus.sk\/wp-content\/uploads\/2025\/01\/20241029_1303202m-1-scaled.jpg","type":"image\/jpeg"}],"twitter_card":"summary_large_image","twitter_misc":{"Predpokladan\u00fd \u010das \u010d\u00edtania":"2 min\u00faty"},"schema":{"@context":"https:\/\/schema.org","@graph":[{"@type":"WebPage","@id":"https:\/\/svpplus.sk\/","url":"https:\/\/svpplus.sk\/","name":"V\u00fd\u0161kov\u00e9 pr\u00e1ce | Bratislava","isPartOf":{"@id":"https:\/\/svpplus.sk\/#website"},"datePublished":"2020-01-13T11:17:52+00:00","dateModified":"2025-07-29T15:44:47+00:00","description":"V\u00fd\u0161kov\u00e9 pr\u00e1ce Bratislava. Oprava a n\u00e1ter fas\u00e1d, striech a kon\u0161trukci\u00ed. Maliarske pr\u00e1ce. Vysokotlakov\u00e9 \u010distenie. Starostlivos\u0165 o stromy","breadcrumb":{"@id":"https:\/\/svpplus.sk\/#breadcrumb"},"inLanguage":"sk-SK","potentialAction":[{"@type":"ReadAction","target":["https:\/\/svpplus.sk\/"]}]},{"@type":"BreadcrumbList","@id":"https:\/\/svpplus.sk\/#breadcrumb","itemListElement":[{"@type":"ListItem","position":1,"name":"Home","item":"https:\/\/svpplus.sk\/"},{"@type":"ListItem","position":2,"name":"Domov"}]},{"@type":"WebSite","@id":"https:\/\/svpplus.sk\/#website","url":"https:\/\/svpplus.sk\/","name":"svpplus.sk","description":"v\u00fd\u0161kov\u00e9 pr\u00e1ce v Bratislave","publisher":{"@id":"https:\/\/svpplus.sk\/#organization"},"potentialAction":[{"@type":"SearchAction","target":{"@type":"EntryPoint","urlTemplate":"https:\/\/svpplus.sk\/?s={search_term_string}"},"query-input":"required name=search_term_string"}],"inLanguage":"sk-SK"},{"@type":"Organization","@id":"https:\/\/svpplus.sk\/#organization","name":"svpplus.sk","url":"https:\/\/svpplus.sk\/","logo":{"@type":"ImageObject","inLanguage":"sk-SK","@id":"https:\/\/svpplus.sk\/#\/schema\/logo\/image\/","url":"https:\/\/svpplus.sk\/wp-content\/uploads\/2022\/06\/cropped-ikonaaa.png","contentUrl":"https:\/\/svpplus.sk\/wp-content\/uploads\/2022\/06\/cropped-ikonaaa.png","width":512,"height":512,"caption":"svpplus.sk"},"image":{"@id":"https:\/\/svpplus.sk\/#\/schema\/logo\/image\/"}}]}},"_links":{"self":[{"href":"https:\/\/svpplus.sk\/index.php\/wp-json\/wp\/v2\/pages\/451"}],"collection":[{"href":"https:\/\/svpplus.sk\/index.php\/wp-json\/wp\/v2\/pages"}],"about":[{"href":"https:\/\/svpplus.sk\/index.php\/wp-json\/wp\/v2\/types\/page"}],"author":[{"embeddable":true,"href":"https:\/\/svpplus.sk\/index.php\/wp-json\/wp\/v2\/users\/1"}],"replies":[{"embeddable":true,"href":"https:\/\/svpplus.sk\/index.php\/wp-json\/wp\/v2\/comments?post=451"}],"version-history":[{"count":6,"href":"https:\/\/svpplus.sk\/index.php\/wp-json\/wp\/v2\/pages\/451\/revisions"}],"predecessor-version":[{"id":1947,"href":"https:\/\/svpplus.sk\/index.php\/wp-json\/wp\/v2\/pages\/451\/revisions\/1947"}],"wp:featuredmedia":[{"embeddable":true,"href":"https:\/\/svpplus.sk\/index.php\/wp-json\/wp\/v2\/media\/1763"}],"wp:attachment":[{"href":"https:\/\/svpplus.sk\/index.php\/wp-json\/wp\/v2\/media?parent=451"}],"curies":[{"name":"wp","href":"https:\/\/api.w.org\/{rel}","templated":true}]}}